{"id":11,"date":"2023-10-24T20:16:46","date_gmt":"2023-10-24T18:16:46","guid":{"rendered":"https:\/\/razmena.co.rs\/mojavinarija\/my-account\/"},"modified":"2023-10-25T08:48:42","modified_gmt":"2023-10-25T06:48:42","slug":"my-account","status":"publish","type":"page","link":"https:\/\/razmena.co.rs\/hanan\/my-account\/","title":{"rendered":"Moj Nalog"},"content":{"rendered":"<div class=\"woocommerce\"><\/div>\n","protected":false},"excerpt":{"rendered":"","protected":false},"author":1,"featured_media":0,"parent":0,"menu_order":0,"comment_status":"closed","ping_status":"closed","template":"","meta":{"footnotes":""},"class_list":["post-11","page","type-page","status-publish","hentry","post-no-thumbnail"],"yoast_head":"<!-- This site is optimized with the Yoast SEO plugin v26.4 - https:\/\/yoast.com\/wordpress\/plugins\/seo\/ -->\n<title>Moj Nalog - Kovano gvo\u017e\u0111e \u2013 HANAN<\/title>\n<meta name=\"robots\" content=\"noindex, follow, max-snippet:-1, max-image-preview:large, max-video-preview:-1\" \/>\n<meta property=\"og:locale\" content=\"sr_RS\" \/>\n<meta property=\"og:type\" content=\"article\" \/>\n<meta property=\"og:title\" content=\"Moj Nalog - Kovano gvo\u017e\u0111e \u2013 HANAN\" \/>\n<meta property=\"og:url\" content=\"https:\/\/razmena.co.rs\/hanan\/my-account\/\" \/>\n<meta property=\"og:site_name\" content=\"Kovano gvo\u017e\u0111e \u2013 HANAN\" \/>\n<meta property=\"article:modified_time\" content=\"2023-10-25T06:48:42+00:00\" \/>\n<meta property=\"og:image\" content=\"https:\/\/razmena.co.rs\/hanan\/wp-content\/uploads\/2025\/11\/Gemini_Generated_Image_skf42kskf42kskf4.png\" \/>\n\t<meta property=\"og:image:width\" content=\"1024\" \/>\n\t<meta property=\"og:image:height\" content=\"1024\" \/>\n\t<meta property=\"og:image:type\" content=\"image\/png\" \/>\n<meta name=\"twitter:card\" content=\"summary_large_image\" \/>\n<script type=\"application\/ld+json\" class=\"yoast-schema-graph\">{\"@context\":\"https:\/\/schema.org\",\"@graph\":[{\"@type\":\"WebPage\",\"@id\":\"https:\/\/razmena.co.rs\/hanan\/my-account\/\",\"url\":\"https:\/\/razmena.co.rs\/hanan\/my-account\/\",\"name\":\"Moj Nalog - Kovano gvo\u017e\u0111e \u2013 HANAN\",\"isPartOf\":{\"@id\":\"https:\/\/razmena.co.rs\/hanan\/#website\"},\"datePublished\":\"2023-10-24T18:16:46+00:00\",\"dateModified\":\"2023-10-25T06:48:42+00:00\",\"breadcrumb\":{\"@id\":\"https:\/\/razmena.co.rs\/hanan\/my-account\/#breadcrumb\"},\"inLanguage\":\"sr-RS\",\"potentialAction\":[{\"@type\":\"ReadAction\",\"target\":[\"https:\/\/razmena.co.rs\/hanan\/my-account\/\"]}]},{\"@type\":\"BreadcrumbList\",\"@id\":\"https:\/\/razmena.co.rs\/hanan\/my-account\/#breadcrumb\",\"itemListElement\":[{\"@type\":\"ListItem\",\"position\":1,\"name\":\"Po\u010detna\",\"item\":\"https:\/\/razmena.co.rs\/hanan\/\"},{\"@type\":\"ListItem\",\"position\":2,\"name\":\"Moj Nalog\"}]},{\"@type\":\"WebSite\",\"@id\":\"https:\/\/razmena.co.rs\/hanan\/#website\",\"url\":\"https:\/\/razmena.co.rs\/hanan\/\",\"name\":\"Kovano gvo\u017e\u0111e Hanan, Name\u0161taj od kovanog gvo\u017e\u0111a, Gelenderi kovano gvo\u017e\u0111e\",\"description\":\"Kovano gvo\u017e\u0111e Hanan, Name\u0161taj od kovanog gvo\u017e\u0111a, Gelenderi kovano gvo\u017e\u0111e\",\"publisher\":{\"@id\":\"https:\/\/razmena.co.rs\/hanan\/#organization\"},\"potentialAction\":[{\"@type\":\"SearchAction\",\"target\":{\"@type\":\"EntryPoint\",\"urlTemplate\":\"https:\/\/razmena.co.rs\/hanan\/?s={search_term_string}\"},\"query-input\":{\"@type\":\"PropertyValueSpecification\",\"valueRequired\":true,\"valueName\":\"search_term_string\"}}],\"inLanguage\":\"sr-RS\"},{\"@type\":\"Organization\",\"@id\":\"https:\/\/razmena.co.rs\/hanan\/#organization\",\"name\":\"Kovano gvo\u017e\u0111e Hanan, Name\u0161taj od kovanog gvo\u017e\u0111a, Gelenderi kovano gvo\u017e\u0111e\",\"url\":\"https:\/\/razmena.co.rs\/hanan\/\",\"logo\":{\"@type\":\"ImageObject\",\"inLanguage\":\"sr-RS\",\"@id\":\"https:\/\/razmena.co.rs\/hanan\/#\/schema\/logo\/image\/\",\"url\":\"https:\/\/razmena.co.rs\/hanan\/wp-content\/uploads\/2025\/11\/Gemini_Generated_Image_skf42kskf42kskf4.png\",\"contentUrl\":\"https:\/\/razmena.co.rs\/hanan\/wp-content\/uploads\/2025\/11\/Gemini_Generated_Image_skf42kskf42kskf4.png\",\"width\":1024,\"height\":1024,\"caption\":\"Kovano gvo\u017e\u0111e Hanan, Name\u0161taj od kovanog gvo\u017e\u0111a, Gelenderi kovano gvo\u017e\u0111e\"},\"image\":{\"@id\":\"https:\/\/razmena.co.rs\/hanan\/#\/schema\/logo\/image\/\"}}]}<\/script>\n<!-- \/ Yoast SEO plugin. -->","yoast_head_json":{"title":"Moj Nalog - Kovano gvo\u017e\u0111e \u2013 HANAN","robots":{"index":"noindex","follow":"follow","max-snippet":"max-snippet:-1","max-image-preview":"max-image-preview:large","max-video-preview":"max-video-preview:-1"},"og_locale":"sr_RS","og_type":"article","og_title":"Moj Nalog - Kovano gvo\u017e\u0111e \u2013 HANAN","og_url":"https:\/\/razmena.co.rs\/hanan\/my-account\/","og_site_name":"Kovano gvo\u017e\u0111e \u2013 HANAN","article_modified_time":"2023-10-25T06:48:42+00:00","og_image":[{"width":1024,"height":1024,"url":"https:\/\/razmena.co.rs\/hanan\/wp-content\/uploads\/2025\/11\/Gemini_Generated_Image_skf42kskf42kskf4.png","type":"image\/png"}],"twitter_card":"summary_large_image","schema":{"@context":"https:\/\/schema.org","@graph":[{"@type":"WebPage","@id":"https:\/\/razmena.co.rs\/hanan\/my-account\/","url":"https:\/\/razmena.co.rs\/hanan\/my-account\/","name":"Moj Nalog - Kovano gvo\u017e\u0111e \u2013 HANAN","isPartOf":{"@id":"https:\/\/razmena.co.rs\/hanan\/#website"},"datePublished":"2023-10-24T18:16:46+00:00","dateModified":"2023-10-25T06:48:42+00:00","breadcrumb":{"@id":"https:\/\/razmena.co.rs\/hanan\/my-account\/#breadcrumb"},"inLanguage":"sr-RS","potentialAction":[{"@type":"ReadAction","target":["https:\/\/razmena.co.rs\/hanan\/my-account\/"]}]},{"@type":"BreadcrumbList","@id":"https:\/\/razmena.co.rs\/hanan\/my-account\/#breadcrumb","itemListElement":[{"@type":"ListItem","position":1,"name":"Po\u010detna","item":"https:\/\/razmena.co.rs\/hanan\/"},{"@type":"ListItem","position":2,"name":"Moj Nalog"}]},{"@type":"WebSite","@id":"https:\/\/razmena.co.rs\/hanan\/#website","url":"https:\/\/razmena.co.rs\/hanan\/","name":"Kovano gvo\u017e\u0111e Hanan, Name\u0161taj od kovanog gvo\u017e\u0111a, Gelenderi kovano gvo\u017e\u0111e","description":"Kovano gvo\u017e\u0111e Hanan, Name\u0161taj od kovanog gvo\u017e\u0111a, Gelenderi kovano gvo\u017e\u0111e","publisher":{"@id":"https:\/\/razmena.co.rs\/hanan\/#organization"},"potentialAction":[{"@type":"SearchAction","target":{"@type":"EntryPoint","urlTemplate":"https:\/\/razmena.co.rs\/hanan\/?s={search_term_string}"},"query-input":{"@type":"PropertyValueSpecification","valueRequired":true,"valueName":"search_term_string"}}],"inLanguage":"sr-RS"},{"@type":"Organization","@id":"https:\/\/razmena.co.rs\/hanan\/#organization","name":"Kovano gvo\u017e\u0111e Hanan, Name\u0161taj od kovanog gvo\u017e\u0111a, Gelenderi kovano gvo\u017e\u0111e","url":"https:\/\/razmena.co.rs\/hanan\/","logo":{"@type":"ImageObject","inLanguage":"sr-RS","@id":"https:\/\/razmena.co.rs\/hanan\/#\/schema\/logo\/image\/","url":"https:\/\/razmena.co.rs\/hanan\/wp-content\/uploads\/2025\/11\/Gemini_Generated_Image_skf42kskf42kskf4.png","contentUrl":"https:\/\/razmena.co.rs\/hanan\/wp-content\/uploads\/2025\/11\/Gemini_Generated_Image_skf42kskf42kskf4.png","width":1024,"height":1024,"caption":"Kovano gvo\u017e\u0111e Hanan, Name\u0161taj od kovanog gvo\u017e\u0111a, Gelenderi kovano gvo\u017e\u0111e"},"image":{"@id":"https:\/\/razmena.co.rs\/hanan\/#\/schema\/logo\/image\/"}}]}},"_links":{"self":[{"href":"https:\/\/razmena.co.rs\/hanan\/wp-json\/wp\/v2\/pages\/11","targetHints":{"allow":["GET"]}}],"collection":[{"href":"https:\/\/razmena.co.rs\/hanan\/wp-json\/wp\/v2\/pages"}],"about":[{"href":"https:\/\/razmena.co.rs\/hanan\/wp-json\/wp\/v2\/types\/page"}],"author":[{"embeddable":true,"href":"https:\/\/razmena.co.rs\/hanan\/wp-json\/wp\/v2\/users\/1"}],"replies":[{"embeddable":true,"href":"https:\/\/razmena.co.rs\/hanan\/wp-json\/wp\/v2\/comments?post=11"}],"version-history":[{"count":1,"href":"https:\/\/razmena.co.rs\/hanan\/wp-json\/wp\/v2\/pages\/11\/revisions"}],"predecessor-version":[{"id":339,"href":"https:\/\/razmena.co.rs\/hanan\/wp-json\/wp\/v2\/pages\/11\/revisions\/339"}],"wp:attachment":[{"href":"https:\/\/razmena.co.rs\/hanan\/wp-json\/wp\/v2\/media?parent=11"}],"curies":[{"name":"wp","href":"https:\/\/api.w.org\/{rel}","templated":true}]}}