{"id":16,"date":"2023-10-24T20:20:14","date_gmt":"2023-10-24T18:20:14","guid":{"rendered":"https:\/\/razmena.co.rs\/mojavinarija\/?page_id=16"},"modified":"2025-11-23T20:07:26","modified_gmt":"2025-11-23T19:07:26","slug":"o-nama","status":"publish","type":"page","link":"https:\/\/razmena.co.rs\/hanan\/o-nama\/","title":{"rendered":"O NAMA"},"content":{"rendered":"\t\t<div data-elementor-type=\"wp-page\" data-elementor-id=\"16\" class=\"elementor elementor-16\">\n\t\t\t\t<div class=\"elementor-element elementor-element-62446936 e-flex e-con-boxed e-con e-parent\" data-id=\"62446936\" data-element_type=\"container\">\n\t\t\t\t\t<div class=\"e-con-inner\">\n\t\t<div class=\"elementor-element elementor-element-f08bca1 e-con-full e-flex e-con e-child\" data-id=\"f08bca1\" data-element_type=\"container\">\n\t\t<div class=\"elementor-element elementor-element-a6fc91a e-con-full e-flex e-con e-child\" data-id=\"a6fc91a\" data-element_type=\"container\">\n\t\t\t\t<div class=\"elementor-element elementor-element-ba950fd naslov elementor-widget__width-initial elementor-widget elementor-widget-text-editor\" data-id=\"ba950fd\" data-element_type=\"widget\" data-widget_type=\"text-editor.default\">\n\t\t\t\t<div class=\"elementor-widget-container\">\n\t\t\t\t\t\t\t<p>Preduze\u0107e HANAN osnovano je 2006. godine u Beogradu. Osnovna delatnost preduze\u0107a je trgovina i proizvodnja.<\/p><p>Tokom svog postojanja i rada, firma je opremila vi\u0161e stotina objekata kovanom bravarijom. Stru\u010dan tim preduze\u0107a \u201eHANAN\u201c, podrazumeva razradu svih delova projekta, kao i realizaciju na terenu.<\/p><p>Svaki dan nekoliko stotina ljudi u celom svetu izabere na\u0161e proizvode. Njihovo zadovoljstvo je na\u0161 najve\u0107i uspeh.<\/p><p>Veliki izbor kovane bravarije, preko 4000 elemenata, pokazuje visoku profesionalnost u poslu, kao i izuzetan raspon cena i dizajna.<\/p><p>Pristupa\u010dnost na\u0161ih proizvoda je cilj postizanja najboljih rezultata, a ujedno i izazov izrade visokog kvaliteta po povoljunim cenama.<\/p><p>U svom poslovanju preduze\u0107e bavi se uvozom\u00a0\u00a0i izvozom vo\u0107a i povr\u0107a, kao i njegovog\u00a0\u00a0plasmana na tr\u017ei\u0161te Srbije. Preduze\u0107e obavlja sve oblike uvoza, kako za svoje potrebe, tako i uslu\u017eni uvoz (u ime i za ra\u010dun drugih lica) i namenski uvoz (za poznatog kupca).<\/p><p>Preduze\u0107e &#8220;HANAN&#8221; d.o.o., u svom asortimanu nudi celokupni spektar uvoznog i doma\u0107eg vo\u0107a i povr\u0107a.<\/p>\t\t\t\t\t\t<\/div>\n\t\t\t\t<\/div>\n\t\t\t\t<\/div>\n\t\t<div class=\"elementor-element elementor-element-20b3d87 e-con-full e-flex e-con e-child\" data-id=\"20b3d87\" data-element_type=\"container\">\n\t\t\t\t<div class=\"elementor-element elementor-element-94c8381 elementor-widget elementor-widget-image\" data-id=\"94c8381\" data-element_type=\"widget\" data-widget_type=\"image.default\">\n\t\t\t\t<div class=\"elementor-widget-container\">\n\t\t\t\t\t\t\t\t\t\t\t\t\t<img fetchpriority=\"high\" decoding=\"async\" width=\"640\" height=\"690\" src=\"https:\/\/razmena.co.rs\/hanan\/wp-content\/uploads\/2025\/11\/00001111-photo-2025-08-13-10-47-41-graded-webp1760701012.png\" class=\"attachment-large size-large wp-image-1832\" alt=\"\" srcset=\"https:\/\/razmena.co.rs\/hanan\/wp-content\/uploads\/2025\/11\/00001111-photo-2025-08-13-10-47-41-graded-webp1760701012.png 712w, https:\/\/razmena.co.rs\/hanan\/wp-content\/uploads\/2025\/11\/00001111-photo-2025-08-13-10-47-41-graded-webp1760701012-278x300.png 278w, https:\/\/razmena.co.rs\/hanan\/wp-content\/uploads\/2025\/11\/00001111-photo-2025-08-13-10-47-41-graded-webp1760701012-139x150.png 139w, https:\/\/razmena.co.rs\/hanan\/wp-content\/uploads\/2025\/11\/00001111-photo-2025-08-13-10-47-41-graded-webp1760701012-500x539.png 500w, https:\/\/razmena.co.rs\/hanan\/wp-content\/uploads\/2025\/11\/00001111-photo-2025-08-13-10-47-41-graded-webp1760701012-499x538.png 499w\" sizes=\"(max-width: 640px) 100vw, 640px\" \/>\t\t\t\t\t\t\t\t\t\t\t\t\t<\/div>\n\t\t\t\t<\/div>\n\t\t\t\t<\/div>\n\t\t\t\t<\/div>\n\t\t\t\t\t<\/div>\n\t\t\t\t<\/div>\n\t\t\t\t<\/div>\n\t\t","protected":false},"excerpt":{"rendered":"<p>Preduze\u0107e HANAN osnovano je 2006. godine u Beogradu. Osnovna delatnost preduze\u0107a je trgovina i proizvodnja. Tokom svog postojanja i rada, firma je opremila vi\u0161e stotina objekata kovanom bravarijom. Stru\u010dan tim preduze\u0107a \u201eHANAN\u201c, podrazumeva razradu svih delova projekta, kao i realizaciju na terenu. Svaki dan nekoliko stotina ljudi u celom svetu izabere na\u0161e proizvode. Njihovo zadovoljstvo je na\u0161 najve\u0107i uspeh. Veliki izbor kovane bravarije, preko 4000 elemenata, pokazuje visoku profesionalnost u poslu, kao i izuzetan raspon cena i dizajna. Pristupa\u010dnost na\u0161ih proizvoda je cilj postizanja najboljih rezultata, a ujedno i izazov izrade visokog kvaliteta po povoljunim cenama. U svom poslovanju preduze\u0107e bavi se uvozom\u00a0\u00a0i izvozom vo\u0107a i povr\u0107a, kao i njegovog\u00a0\u00a0plasmana na tr\u017ei\u0161te Srbije. Preduze\u0107e obavlja sve oblike uvoza, kako za svoje potrebe, tako i uslu\u017eni uvoz (u ime i za ra\u010dun drugih lica) i namenski uvoz (za poznatog kupca). Preduze\u0107e &#8220;HANAN&#8221; d.o.o., u svom asortimanu nudi celokupni spektar uvoznog i doma\u0107eg vo\u0107a i povr\u0107a.<\/p>\n","protected":false},"author":1,"featured_media":0,"parent":0,"menu_order":0,"comment_status":"closed","ping_status":"closed","template":"","meta":{"footnotes":""},"class_list":["post-16","page","type-page","status-publish","hentry","post-no-thumbnail"],"yoast_head":"<!-- This site is optimized with the Yoast SEO plugin v26.4 - https:\/\/yoast.com\/wordpress\/plugins\/seo\/ -->\n<title>O NAMA - Kovano gvo\u017e\u0111e \u2013 HANAN<\/title>\n<meta name=\"robots\" content=\"noindex, follow, max-snippet:-1, max-image-preview:large, max-video-preview:-1\" \/>\n<meta property=\"og:locale\" content=\"sr_RS\" \/>\n<meta property=\"og:type\" content=\"article\" \/>\n<meta property=\"og:title\" content=\"O NAMA - Kovano gvo\u017e\u0111e \u2013 HANAN\" \/>\n<meta property=\"og:description\" content=\"Preduze\u0107e HANAN osnovano je 2006. godine u Beogradu. Osnovna delatnost preduze\u0107a je trgovina i proizvodnja. Tokom svog postojanja i rada, firma je opremila vi\u0161e stotina objekata kovanom bravarijom. Stru\u010dan tim preduze\u0107a \u201eHANAN\u201c, podrazumeva razradu svih delova projekta, kao i realizaciju na terenu. Svaki dan nekoliko stotina ljudi u celom svetu izabere na\u0161e proizvode. Njihovo zadovoljstvo je na\u0161 najve\u0107i uspeh. Veliki izbor kovane bravarije, preko 4000 elemenata, pokazuje visoku profesionalnost u poslu, kao i izuzetan raspon cena i dizajna. Pristupa\u010dnost na\u0161ih proizvoda je cilj postizanja najboljih rezultata, a ujedno i izazov izrade visokog kvaliteta po povoljunim cenama. U svom poslovanju preduze\u0107e bavi se uvozom\u00a0\u00a0i izvozom vo\u0107a i povr\u0107a, kao i njegovog\u00a0\u00a0plasmana na tr\u017ei\u0161te Srbije. Preduze\u0107e obavlja sve oblike uvoza, kako za svoje potrebe, tako i uslu\u017eni uvoz (u ime i za ra\u010dun drugih lica) i namenski uvoz (za poznatog kupca). Preduze\u0107e &#8220;HANAN&#8221; d.o.o., u svom asortimanu nudi celokupni spektar uvoznog i doma\u0107eg vo\u0107a i povr\u0107a.\" \/>\n<meta property=\"og:url\" content=\"https:\/\/razmena.co.rs\/hanan\/o-nama\/\" \/>\n<meta property=\"og:site_name\" content=\"Kovano gvo\u017e\u0111e \u2013 HANAN\" \/>\n<meta property=\"article:modified_time\" content=\"2025-11-23T19:07:26+00:00\" \/>\n<meta property=\"og:image\" content=\"https:\/\/razmena.co.rs\/hanan\/wp-content\/uploads\/2025\/11\/00001111-photo-2025-08-13-10-47-41-graded-webp1760701012.png\" \/>\n<meta name=\"twitter:card\" content=\"summary_large_image\" \/>\n<meta name=\"twitter:label1\" content=\"Procenjeno vreme \u010ditanja\" \/>\n\t<meta name=\"twitter:data1\" content=\"2 minuta\" \/>\n<script type=\"application\/ld+json\" class=\"yoast-schema-graph\">{\"@context\":\"https:\/\/schema.org\",\"@graph\":[{\"@type\":\"WebPage\",\"@id\":\"https:\/\/razmena.co.rs\/hanan\/o-nama\/\",\"url\":\"https:\/\/razmena.co.rs\/hanan\/o-nama\/\",\"name\":\"O NAMA - Kovano gvo\u017e\u0111e \u2013 HANAN\",\"isPartOf\":{\"@id\":\"https:\/\/razmena.co.rs\/hanan\/#website\"},\"primaryImageOfPage\":{\"@id\":\"https:\/\/razmena.co.rs\/hanan\/o-nama\/#primaryimage\"},\"image\":{\"@id\":\"https:\/\/razmena.co.rs\/hanan\/o-nama\/#primaryimage\"},\"thumbnailUrl\":\"https:\/\/razmena.co.rs\/hanan\/wp-content\/uploads\/2025\/11\/00001111-photo-2025-08-13-10-47-41-graded-webp1760701012.png\",\"datePublished\":\"2023-10-24T18:20:14+00:00\",\"dateModified\":\"2025-11-23T19:07:26+00:00\",\"breadcrumb\":{\"@id\":\"https:\/\/razmena.co.rs\/hanan\/o-nama\/#breadcrumb\"},\"inLanguage\":\"sr-RS\",\"potentialAction\":[{\"@type\":\"ReadAction\",\"target\":[\"https:\/\/razmena.co.rs\/hanan\/o-nama\/\"]}]},{\"@type\":\"ImageObject\",\"inLanguage\":\"sr-RS\",\"@id\":\"https:\/\/razmena.co.rs\/hanan\/o-nama\/#primaryimage\",\"url\":\"https:\/\/razmena.co.rs\/hanan\/wp-content\/uploads\/2025\/11\/00001111-photo-2025-08-13-10-47-41-graded-webp1760701012.png\",\"contentUrl\":\"https:\/\/razmena.co.rs\/hanan\/wp-content\/uploads\/2025\/11\/00001111-photo-2025-08-13-10-47-41-graded-webp1760701012.png\",\"width\":712,\"height\":768},{\"@type\":\"BreadcrumbList\",\"@id\":\"https:\/\/razmena.co.rs\/hanan\/o-nama\/#breadcrumb\",\"itemListElement\":[{\"@type\":\"ListItem\",\"position\":1,\"name\":\"Po\u010detna\",\"item\":\"https:\/\/razmena.co.rs\/hanan\/\"},{\"@type\":\"ListItem\",\"position\":2,\"name\":\"O NAMA\"}]},{\"@type\":\"WebSite\",\"@id\":\"https:\/\/razmena.co.rs\/hanan\/#website\",\"url\":\"https:\/\/razmena.co.rs\/hanan\/\",\"name\":\"Kovano gvo\u017e\u0111e Hanan, Name\u0161taj od kovanog gvo\u017e\u0111a, Gelenderi kovano gvo\u017e\u0111e\",\"description\":\"Kovano gvo\u017e\u0111e Hanan, Name\u0161taj od kovanog gvo\u017e\u0111a, Gelenderi kovano gvo\u017e\u0111e\",\"publisher\":{\"@id\":\"https:\/\/razmena.co.rs\/hanan\/#organization\"},\"potentialAction\":[{\"@type\":\"SearchAction\",\"target\":{\"@type\":\"EntryPoint\",\"urlTemplate\":\"https:\/\/razmena.co.rs\/hanan\/?s={search_term_string}\"},\"query-input\":{\"@type\":\"PropertyValueSpecification\",\"valueRequired\":true,\"valueName\":\"search_term_string\"}}],\"inLanguage\":\"sr-RS\"},{\"@type\":\"Organization\",\"@id\":\"https:\/\/razmena.co.rs\/hanan\/#organization\",\"name\":\"Kovano gvo\u017e\u0111e Hanan, Name\u0161taj od kovanog gvo\u017e\u0111a, Gelenderi kovano gvo\u017e\u0111e\",\"url\":\"https:\/\/razmena.co.rs\/hanan\/\",\"logo\":{\"@type\":\"ImageObject\",\"inLanguage\":\"sr-RS\",\"@id\":\"https:\/\/razmena.co.rs\/hanan\/#\/schema\/logo\/image\/\",\"url\":\"https:\/\/razmena.co.rs\/hanan\/wp-content\/uploads\/2025\/11\/Gemini_Generated_Image_skf42kskf42kskf4.png\",\"contentUrl\":\"https:\/\/razmena.co.rs\/hanan\/wp-content\/uploads\/2025\/11\/Gemini_Generated_Image_skf42kskf42kskf4.png\",\"width\":1024,\"height\":1024,\"caption\":\"Kovano gvo\u017e\u0111e Hanan, Name\u0161taj od kovanog gvo\u017e\u0111a, Gelenderi kovano gvo\u017e\u0111e\"},\"image\":{\"@id\":\"https:\/\/razmena.co.rs\/hanan\/#\/schema\/logo\/image\/\"}}]}<\/script>\n<!-- \/ Yoast SEO plugin. -->","yoast_head_json":{"title":"O NAMA - Kovano gvo\u017e\u0111e \u2013 HANAN","robots":{"index":"noindex","follow":"follow","max-snippet":"max-snippet:-1","max-image-preview":"max-image-preview:large","max-video-preview":"max-video-preview:-1"},"og_locale":"sr_RS","og_type":"article","og_title":"O NAMA - Kovano gvo\u017e\u0111e \u2013 HANAN","og_description":"Preduze\u0107e HANAN osnovano je 2006. godine u Beogradu. Osnovna delatnost preduze\u0107a je trgovina i proizvodnja. Tokom svog postojanja i rada, firma je opremila vi\u0161e stotina objekata kovanom bravarijom. Stru\u010dan tim preduze\u0107a \u201eHANAN\u201c, podrazumeva razradu svih delova projekta, kao i realizaciju na terenu. Svaki dan nekoliko stotina ljudi u celom svetu izabere na\u0161e proizvode. Njihovo zadovoljstvo je na\u0161 najve\u0107i uspeh. Veliki izbor kovane bravarije, preko 4000 elemenata, pokazuje visoku profesionalnost u poslu, kao i izuzetan raspon cena i dizajna. Pristupa\u010dnost na\u0161ih proizvoda je cilj postizanja najboljih rezultata, a ujedno i izazov izrade visokog kvaliteta po povoljunim cenama. U svom poslovanju preduze\u0107e bavi se uvozom\u00a0\u00a0i izvozom vo\u0107a i povr\u0107a, kao i njegovog\u00a0\u00a0plasmana na tr\u017ei\u0161te Srbije. Preduze\u0107e obavlja sve oblike uvoza, kako za svoje potrebe, tako i uslu\u017eni uvoz (u ime i za ra\u010dun drugih lica) i namenski uvoz (za poznatog kupca). Preduze\u0107e &#8220;HANAN&#8221; d.o.o., u svom asortimanu nudi celokupni spektar uvoznog i doma\u0107eg vo\u0107a i povr\u0107a.","og_url":"https:\/\/razmena.co.rs\/hanan\/o-nama\/","og_site_name":"Kovano gvo\u017e\u0111e \u2013 HANAN","article_modified_time":"2025-11-23T19:07:26+00:00","og_image":[{"url":"https:\/\/razmena.co.rs\/hanan\/wp-content\/uploads\/2025\/11\/00001111-photo-2025-08-13-10-47-41-graded-webp1760701012.png","type":"","width":"","height":""}],"twitter_card":"summary_large_image","twitter_misc":{"Procenjeno vreme \u010ditanja":"2 minuta"},"schema":{"@context":"https:\/\/schema.org","@graph":[{"@type":"WebPage","@id":"https:\/\/razmena.co.rs\/hanan\/o-nama\/","url":"https:\/\/razmena.co.rs\/hanan\/o-nama\/","name":"O NAMA - Kovano gvo\u017e\u0111e \u2013 HANAN","isPartOf":{"@id":"https:\/\/razmena.co.rs\/hanan\/#website"},"primaryImageOfPage":{"@id":"https:\/\/razmena.co.rs\/hanan\/o-nama\/#primaryimage"},"image":{"@id":"https:\/\/razmena.co.rs\/hanan\/o-nama\/#primaryimage"},"thumbnailUrl":"https:\/\/razmena.co.rs\/hanan\/wp-content\/uploads\/2025\/11\/00001111-photo-2025-08-13-10-47-41-graded-webp1760701012.png","datePublished":"2023-10-24T18:20:14+00:00","dateModified":"2025-11-23T19:07:26+00:00","breadcrumb":{"@id":"https:\/\/razmena.co.rs\/hanan\/o-nama\/#breadcrumb"},"inLanguage":"sr-RS","potentialAction":[{"@type":"ReadAction","target":["https:\/\/razmena.co.rs\/hanan\/o-nama\/"]}]},{"@type":"ImageObject","inLanguage":"sr-RS","@id":"https:\/\/razmena.co.rs\/hanan\/o-nama\/#primaryimage","url":"https:\/\/razmena.co.rs\/hanan\/wp-content\/uploads\/2025\/11\/00001111-photo-2025-08-13-10-47-41-graded-webp1760701012.png","contentUrl":"https:\/\/razmena.co.rs\/hanan\/wp-content\/uploads\/2025\/11\/00001111-photo-2025-08-13-10-47-41-graded-webp1760701012.png","width":712,"height":768},{"@type":"BreadcrumbList","@id":"https:\/\/razmena.co.rs\/hanan\/o-nama\/#breadcrumb","itemListElement":[{"@type":"ListItem","position":1,"name":"Po\u010detna","item":"https:\/\/razmena.co.rs\/hanan\/"},{"@type":"ListItem","position":2,"name":"O NAMA"}]},{"@type":"WebSite","@id":"https:\/\/razmena.co.rs\/hanan\/#website","url":"https:\/\/razmena.co.rs\/hanan\/","name":"Kovano gvo\u017e\u0111e Hanan, Name\u0161taj od kovanog gvo\u017e\u0111a, Gelenderi kovano gvo\u017e\u0111e","description":"Kovano gvo\u017e\u0111e Hanan, Name\u0161taj od kovanog gvo\u017e\u0111a, Gelenderi kovano gvo\u017e\u0111e","publisher":{"@id":"https:\/\/razmena.co.rs\/hanan\/#organization"},"potentialAction":[{"@type":"SearchAction","target":{"@type":"EntryPoint","urlTemplate":"https:\/\/razmena.co.rs\/hanan\/?s={search_term_string}"},"query-input":{"@type":"PropertyValueSpecification","valueRequired":true,"valueName":"search_term_string"}}],"inLanguage":"sr-RS"},{"@type":"Organization","@id":"https:\/\/razmena.co.rs\/hanan\/#organization","name":"Kovano gvo\u017e\u0111e Hanan, Name\u0161taj od kovanog gvo\u017e\u0111a, Gelenderi kovano gvo\u017e\u0111e","url":"https:\/\/razmena.co.rs\/hanan\/","logo":{"@type":"ImageObject","inLanguage":"sr-RS","@id":"https:\/\/razmena.co.rs\/hanan\/#\/schema\/logo\/image\/","url":"https:\/\/razmena.co.rs\/hanan\/wp-content\/uploads\/2025\/11\/Gemini_Generated_Image_skf42kskf42kskf4.png","contentUrl":"https:\/\/razmena.co.rs\/hanan\/wp-content\/uploads\/2025\/11\/Gemini_Generated_Image_skf42kskf42kskf4.png","width":1024,"height":1024,"caption":"Kovano gvo\u017e\u0111e Hanan, Name\u0161taj od kovanog gvo\u017e\u0111a, Gelenderi kovano gvo\u017e\u0111e"},"image":{"@id":"https:\/\/razmena.co.rs\/hanan\/#\/schema\/logo\/image\/"}}]}},"_links":{"self":[{"href":"https:\/\/razmena.co.rs\/hanan\/wp-json\/wp\/v2\/pages\/16","targetHints":{"allow":["GET"]}}],"collection":[{"href":"https:\/\/razmena.co.rs\/hanan\/wp-json\/wp\/v2\/pages"}],"about":[{"href":"https:\/\/razmena.co.rs\/hanan\/wp-json\/wp\/v2\/types\/page"}],"author":[{"embeddable":true,"href":"https:\/\/razmena.co.rs\/hanan\/wp-json\/wp\/v2\/users\/1"}],"replies":[{"embeddable":true,"href":"https:\/\/razmena.co.rs\/hanan\/wp-json\/wp\/v2\/comments?post=16"}],"version-history":[{"count":52,"href":"https:\/\/razmena.co.rs\/hanan\/wp-json\/wp\/v2\/pages\/16\/revisions"}],"predecessor-version":[{"id":1841,"href":"https:\/\/razmena.co.rs\/hanan\/wp-json\/wp\/v2\/pages\/16\/revisions\/1841"}],"wp:attachment":[{"href":"https:\/\/razmena.co.rs\/hanan\/wp-json\/wp\/v2\/media?parent=16"}],"curies":[{"name":"wp","href":"https:\/\/api.w.org\/{rel}","templated":true}]}}