{"id":22,"date":"2023-10-24T20:21:26","date_gmt":"2023-10-24T18:21:26","guid":{"rendered":"https:\/\/razmena.co.rs\/mojavinarija\/?page_id=22"},"modified":"2025-11-23T22:23:35","modified_gmt":"2025-11-23T21:23:35","slug":"kovano-gvozde","status":"publish","type":"page","link":"https:\/\/razmena.co.rs\/hanan\/kovano-gvozde\/","title":{"rendered":"KOVANO GVO\u017d\u0110E"},"content":{"rendered":"\t\t<div data-elementor-type=\"wp-page\" data-elementor-id=\"22\" class=\"elementor elementor-22\">\n\t\t\t\t<div class=\"elementor-element elementor-element-17fb219 e-flex e-con-boxed e-con e-parent\" data-id=\"17fb219\" data-element_type=\"container\">\n\t\t\t\t\t<div class=\"e-con-inner\">\n\t\t<div class=\"elementor-element elementor-element-488a0d9 e-flex e-con-boxed e-con e-child\" data-id=\"488a0d9\" data-element_type=\"container\">\n\t\t\t\t\t<div class=\"e-con-inner\">\n\t\t\t\t<div class=\"elementor-element elementor-element-c40064e minimog-animation-zoom-in elementor-widget elementor-widget-tm-product-categories-grid\" data-id=\"c40064e\" data-element_type=\"widget\" data-widget_type=\"tm-product-categories-grid.default\">\n\t\t\t\t<div class=\"elementor-widget-container\">\n\t\t\t\t\t<div class=\"minimog-grid-wrapper minimog-product-categories style-01\" data-grid=\"{&quot;type&quot;:&quot;grid&quot;,&quot;columns&quot;:3,&quot;columnsMobile&quot;:2,&quot;gutter&quot;:30}\" style=\"--grid-columns-desktop: 3;--grid-columns-mobile: 2;--grid-gutter-desktop: 30;\">\n\t\t\t<div class=\"minimog-grid lazy-grid\">\n\t\t\t\t<div class=\"grid-sizer\"><\/div>\n\t\t\t\t<div class=\"grid-item product-category product first\">\n\t<div class=\"cat-wrap minimog-box\">\n\t\t<div class=\"minimog-image-wrapper grid-item-height\">\n\t\t\t<div class=\"minimog-image-inner\">\n\t\t\t\t<div class=\"minimog-image image\">\n\t\t\t\t\t<a href=\"https:\/\/razmena.co.rs\/hanan\/kategorija-proizvoda\/kovano-gvozdje\/namestaj-od-kovanog-gvozdja\/\" class=\"cat-image minimog-box\">\n\t\t\t\t\t\t<div class=\"minimog-lazy-image\" style=\"--lazy-image-width: 370px;--lazy-image-height: 135.13513513514%;\"><img fetchpriority=\"high\" decoding=\"async\"  src=\"data:image\/svg+xml;charset=utf8,%3Csvg%20xmlns%3D%22http:\/\/www.w3.org\/2000\/svg%22%20viewBox%3D%220%200%20370%20500%22%3E%3C%2Fsvg%3E\" width=\"370\" height=\"500\" alt=\"Name\u0161taj od kovanog gvo\u017e\u0111a-Index\" data-src=\"https:\/\/razmena.co.rs\/hanan\/wp-content\/uploads\/2025\/11\/Namestaj-od-kovanog-gvozdja-Index-370x500.jpg\" class=\" ll-image\" \/><\/div>\t\t\t\t\t<\/a>\n\t\t\t\t<\/div>\n\t\t\t<\/div>\n\t\t<\/div>\n\n\t\t<div class=\"category-info\">\n\t<div class=\"category-info-wrapper\">\n\t\t<h5 class=\"category-name\">\n\t\t\t<a href=\"https:\/\/razmena.co.rs\/hanan\/kategorija-proizvoda\/kovano-gvozdje\/namestaj-od-kovanog-gvozdja\/\">\n\t\t\t\tName\u0161taj od kovanog gvo\u017e\u0111a\t\t\t<\/a>\n\t\t<\/h5>\n\n\t\t\n\t\t\t<\/div>\n<\/div>\n\n\t\t\t<\/div>\n<\/div>\n<div class=\"grid-item product-category product\">\n\t<div class=\"cat-wrap minimog-box\">\n\t\t<div class=\"minimog-image-wrapper grid-item-height\">\n\t\t\t<div class=\"minimog-image-inner\">\n\t\t\t\t<div class=\"minimog-image image\">\n\t\t\t\t\t<a href=\"https:\/\/razmena.co.rs\/hanan\/kategorija-proizvoda\/kovano-gvozdje\/ogledala-od-kovanog-gvozdja\/\" class=\"cat-image minimog-box\">\n\t\t\t\t\t\t<div class=\"minimog-lazy-image\" style=\"--lazy-image-width: 370px;--lazy-image-height: 135.13513513514%;\"><img decoding=\"async\"  src=\"data:image\/svg+xml;charset=utf8,%3Csvg%20xmlns%3D%22http:\/\/www.w3.org\/2000\/svg%22%20viewBox%3D%220%200%20370%20500%22%3E%3C%2Fsvg%3E\" width=\"370\" height=\"500\" alt=\"Ogledala od kovanog gvozdja\" data-src=\"https:\/\/razmena.co.rs\/hanan\/wp-content\/uploads\/2025\/11\/Ogledala-od-kovanog-gvozdja-370x500.jpg\" class=\" ll-image\" \/><\/div>\t\t\t\t\t<\/a>\n\t\t\t\t<\/div>\n\t\t\t<\/div>\n\t\t<\/div>\n\n\t\t<div class=\"category-info\">\n\t<div class=\"category-info-wrapper\">\n\t\t<h5 class=\"category-name\">\n\t\t\t<a href=\"https:\/\/razmena.co.rs\/hanan\/kategorija-proizvoda\/kovano-gvozdje\/ogledala-od-kovanog-gvozdja\/\">\n\t\t\t\tOgledala od kovanog gvo\u017e\u0111a\t\t\t<\/a>\n\t\t<\/h5>\n\n\t\t\n\t\t\t<\/div>\n<\/div>\n\n\t\t\t<\/div>\n<\/div>\n<div class=\"grid-item product-category product\">\n\t<div class=\"cat-wrap minimog-box\">\n\t\t<div class=\"minimog-image-wrapper grid-item-height\">\n\t\t\t<div class=\"minimog-image-inner\">\n\t\t\t\t<div class=\"minimog-image image\">\n\t\t\t\t\t<a href=\"https:\/\/razmena.co.rs\/hanan\/kategorija-proizvoda\/kovano-gvozdje\/rasveta-od-kovanog-gvozdja\/\" class=\"cat-image minimog-box\">\n\t\t\t\t\t\t<div class=\"minimog-lazy-image\" style=\"--lazy-image-width: 370px;--lazy-image-height: 135.13513513514%;\"><img decoding=\"async\"  src=\"data:image\/svg+xml;charset=utf8,%3Csvg%20xmlns%3D%22http:\/\/www.w3.org\/2000\/svg%22%20viewBox%3D%220%200%20370%20500%22%3E%3C%2Fsvg%3E\" width=\"370\" height=\"500\" alt=\"rasveta-od-kovanog-gvozdja\" data-src=\"https:\/\/razmena.co.rs\/hanan\/wp-content\/uploads\/2025\/11\/rasveta-od-kovanog-gvozdja-370x500.jpg\" class=\" ll-image\" \/><\/div>\t\t\t\t\t<\/a>\n\t\t\t\t<\/div>\n\t\t\t<\/div>\n\t\t<\/div>\n\n\t\t<div class=\"category-info\">\n\t<div class=\"category-info-wrapper\">\n\t\t<h5 class=\"category-name\">\n\t\t\t<a href=\"https:\/\/razmena.co.rs\/hanan\/kategorija-proizvoda\/kovano-gvozdje\/rasveta-od-kovanog-gvozdja\/\">\n\t\t\t\tRasveta od kovanog gvo\u017e\u0111a\t\t\t<\/a>\n\t\t<\/h5>\n\n\t\t\n\t\t\t<\/div>\n<\/div>\n\n\t\t\t<\/div>\n<\/div>\n<div class=\"grid-item product-category product\">\n\t<div class=\"cat-wrap minimog-box\">\n\t\t<div class=\"minimog-image-wrapper grid-item-height\">\n\t\t\t<div class=\"minimog-image-inner\">\n\t\t\t\t<div class=\"minimog-image image\">\n\t\t\t\t\t<a href=\"https:\/\/razmena.co.rs\/hanan\/kategorija-proizvoda\/kovano-gvozdje\/kuhinjski-elementi-od-kovanog-gvozdja\/\" class=\"cat-image minimog-box\">\n\t\t\t\t\t\t<div class=\"minimog-lazy-image\" style=\"--lazy-image-width: 370px;--lazy-image-height: 135.13513513514%;\"><img loading=\"lazy\" decoding=\"async\"  src=\"data:image\/svg+xml;charset=utf8,%3Csvg%20xmlns%3D%22http:\/\/www.w3.org\/2000\/svg%22%20viewBox%3D%220%200%20370%20500%22%3E%3C%2Fsvg%3E\" width=\"370\" height=\"500\" alt=\"Kuhinjski elementi od kovanog\" data-src=\"https:\/\/razmena.co.rs\/hanan\/wp-content\/uploads\/2025\/11\/Kuhinjski-elementi-od-kovanog-370x500.jpg\" class=\" ll-image\" \/><\/div>\t\t\t\t\t<\/a>\n\t\t\t\t<\/div>\n\t\t\t<\/div>\n\t\t<\/div>\n\n\t\t<div class=\"category-info\">\n\t<div class=\"category-info-wrapper\">\n\t\t<h5 class=\"category-name\">\n\t\t\t<a href=\"https:\/\/razmena.co.rs\/hanan\/kategorija-proizvoda\/kovano-gvozdje\/kuhinjski-elementi-od-kovanog-gvozdja\/\">\n\t\t\t\tKuhinjski elementi od kovanog gvo\u017e\u0111a\t\t\t<\/a>\n\t\t<\/h5>\n\n\t\t\n\t\t\t<\/div>\n<\/div>\n\n\t\t\t<\/div>\n<\/div>\n<div class=\"grid-item product-category product\">\n\t<div class=\"cat-wrap minimog-box\">\n\t\t<div class=\"minimog-image-wrapper grid-item-height\">\n\t\t\t<div class=\"minimog-image-inner\">\n\t\t\t\t<div class=\"minimog-image image\">\n\t\t\t\t\t<a href=\"https:\/\/razmena.co.rs\/hanan\/kategorija-proizvoda\/kovano-gvozdje\/pribor-za-kamin-od-kovanog-gvozdja\/\" class=\"cat-image minimog-box\">\n\t\t\t\t\t\t<div class=\"minimog-lazy-image\" style=\"--lazy-image-width: 370px;--lazy-image-height: 135.13513513514%;\"><img loading=\"lazy\" decoding=\"async\"  src=\"data:image\/svg+xml;charset=utf8,%3Csvg%20xmlns%3D%22http:\/\/www.w3.org\/2000\/svg%22%20viewBox%3D%220%200%20370%20500%22%3E%3C%2Fsvg%3E\" width=\"370\" height=\"500\" alt=\"Pribor za kamin od kovanog\" data-src=\"https:\/\/razmena.co.rs\/hanan\/wp-content\/uploads\/2025\/11\/Pribor-za-kamin-od-kovanog-370x500.jpg\" class=\" ll-image\" \/><\/div>\t\t\t\t\t<\/a>\n\t\t\t\t<\/div>\n\t\t\t<\/div>\n\t\t<\/div>\n\n\t\t<div class=\"category-info\">\n\t<div class=\"category-info-wrapper\">\n\t\t<h5 class=\"category-name\">\n\t\t\t<a href=\"https:\/\/razmena.co.rs\/hanan\/kategorija-proizvoda\/kovano-gvozdje\/pribor-za-kamin-od-kovanog-gvozdja\/\">\n\t\t\t\tPribor za kamin od kovanog gvo\u017e\u0111a\t\t\t<\/a>\n\t\t<\/h5>\n\n\t\t\n\t\t\t<\/div>\n<\/div>\n\n\t\t\t<\/div>\n<\/div>\n<div class=\"grid-item product-category product\">\n\t<div class=\"cat-wrap minimog-box\">\n\t\t<div class=\"minimog-image-wrapper grid-item-height\">\n\t\t\t<div class=\"minimog-image-inner\">\n\t\t\t\t<div class=\"minimog-image image\">\n\t\t\t\t\t<a href=\"https:\/\/razmena.co.rs\/hanan\/kategorija-proizvoda\/kovano-gvozdje\/gelenderi-od-kovanog-gvozdja\/\" class=\"cat-image minimog-box\">\n\t\t\t\t\t\t<div class=\"minimog-lazy-image\" style=\"--lazy-image-width: 370px;--lazy-image-height: 135.13513513514%;\"><img loading=\"lazy\" decoding=\"async\"  src=\"data:image\/svg+xml;charset=utf8,%3Csvg%20xmlns%3D%22http:\/\/www.w3.org\/2000\/svg%22%20viewBox%3D%220%200%20370%20500%22%3E%3C%2Fsvg%3E\" width=\"370\" height=\"500\" alt=\"Gelenderi-od-kovanog-gvozdja-index1\" data-src=\"https:\/\/razmena.co.rs\/hanan\/wp-content\/uploads\/2025\/11\/Gelenderi-od-kovanog-gvozdja-index1-370x500.jpg\" class=\" ll-image\" \/><\/div>\t\t\t\t\t<\/a>\n\t\t\t\t<\/div>\n\t\t\t<\/div>\n\t\t<\/div>\n\n\t\t<div class=\"category-info\">\n\t<div class=\"category-info-wrapper\">\n\t\t<h5 class=\"category-name\">\n\t\t\t<a href=\"https:\/\/razmena.co.rs\/hanan\/kategorija-proizvoda\/kovano-gvozdje\/gelenderi-od-kovanog-gvozdja\/\">\n\t\t\t\tGelenderi od kovanog gvo\u017e\u0111a\t\t\t<\/a>\n\t\t<\/h5>\n\n\t\t\n\t\t\t<\/div>\n<\/div>\n\n\t\t\t<\/div>\n<\/div>\n<div class=\"grid-item product-category product\">\n\t<div class=\"cat-wrap minimog-box\">\n\t\t<div class=\"minimog-image-wrapper grid-item-height\">\n\t\t\t<div class=\"minimog-image-inner\">\n\t\t\t\t<div class=\"minimog-image image\">\n\t\t\t\t\t<a href=\"https:\/\/razmena.co.rs\/hanan\/kategorija-proizvoda\/kovano-gvozdje\/velike-i-male-kapije-od-kovanog-gvozdja\/\" class=\"cat-image minimog-box\">\n\t\t\t\t\t\t<div class=\"minimog-lazy-image\" style=\"--lazy-image-width: 370px;--lazy-image-height: 135.13513513514%;\"><img loading=\"lazy\" decoding=\"async\"  src=\"data:image\/svg+xml;charset=utf8,%3Csvg%20xmlns%3D%22http:\/\/www.w3.org\/2000\/svg%22%20viewBox%3D%220%200%20370%20500%22%3E%3C%2Fsvg%3E\" width=\"370\" height=\"500\" alt=\"Velike i male kapije od kovanog gvo\u017e\u0111a-index\" data-src=\"https:\/\/razmena.co.rs\/hanan\/wp-content\/uploads\/2025\/11\/Velike-i-male-kapije-od-kovanog-gvozdja-index-370x500.jpg\" class=\" ll-image\" \/><\/div>\t\t\t\t\t<\/a>\n\t\t\t\t<\/div>\n\t\t\t<\/div>\n\t\t<\/div>\n\n\t\t<div class=\"category-info\">\n\t<div class=\"category-info-wrapper\">\n\t\t<h5 class=\"category-name\">\n\t\t\t<a href=\"https:\/\/razmena.co.rs\/hanan\/kategorija-proizvoda\/kovano-gvozdje\/velike-i-male-kapije-od-kovanog-gvozdja\/\">\n\t\t\t\tVelike i male kapije od kovanog gvo\u017e\u0111a\t\t\t<\/a>\n\t\t<\/h5>\n\n\t\t\n\t\t\t<\/div>\n<\/div>\n\n\t\t\t<\/div>\n<\/div>\n<div class=\"grid-item product-category product\">\n\t<div class=\"cat-wrap minimog-box\">\n\t\t<div class=\"minimog-image-wrapper grid-item-height\">\n\t\t\t<div class=\"minimog-image-inner\">\n\t\t\t\t<div class=\"minimog-image image\">\n\t\t\t\t\t<a href=\"https:\/\/razmena.co.rs\/hanan\/kategorija-proizvoda\/kovano-gvozdje\/zastita-za-prozore-od-kovanog-gvozdja\/\" class=\"cat-image minimog-box\">\n\t\t\t\t\t\t<div class=\"minimog-lazy-image\" style=\"--lazy-image-width: 370px;--lazy-image-height: 135.13513513514%;\"><img loading=\"lazy\" decoding=\"async\"  src=\"data:image\/svg+xml;charset=utf8,%3Csvg%20xmlns%3D%22http:\/\/www.w3.org\/2000\/svg%22%20viewBox%3D%220%200%20370%20500%22%3E%3C%2Fsvg%3E\" width=\"370\" height=\"500\" alt=\"zastita_prozori(2)\" data-src=\"https:\/\/razmena.co.rs\/hanan\/wp-content\/uploads\/2025\/11\/zastita_prozori2-370x500.jpg\" class=\" ll-image\" \/><\/div>\t\t\t\t\t<\/a>\n\t\t\t\t<\/div>\n\t\t\t<\/div>\n\t\t<\/div>\n\n\t\t<div class=\"category-info\">\n\t<div class=\"category-info-wrapper\">\n\t\t<h5 class=\"category-name\">\n\t\t\t<a href=\"https:\/\/razmena.co.rs\/hanan\/kategorija-proizvoda\/kovano-gvozdje\/zastita-za-prozore-od-kovanog-gvozdja\/\">\n\t\t\t\tZa\u0161tita za prozore od kovanog gvo\u017e\u0111a\t\t\t<\/a>\n\t\t<\/h5>\n\n\t\t\n\t\t\t<\/div>\n<\/div>\n\n\t\t\t<\/div>\n<\/div>\n<div class=\"grid-item product-category product last\">\n\t<div class=\"cat-wrap minimog-box\">\n\t\t<div class=\"minimog-image-wrapper grid-item-height\">\n\t\t\t<div class=\"minimog-image-inner\">\n\t\t\t\t<div class=\"minimog-image image\">\n\t\t\t\t\t<a href=\"https:\/\/razmena.co.rs\/hanan\/kategorija-proizvoda\/kovano-gvozdje\/zastita-za-vrata-od-kovanog-gvozdja\/\" class=\"cat-image minimog-box\">\n\t\t\t\t\t\t<div class=\"minimog-lazy-image\" style=\"--lazy-image-width: 370px;--lazy-image-height: 135.13513513514%;\"><img loading=\"lazy\" decoding=\"async\"  src=\"data:image\/svg+xml;charset=utf8,%3Csvg%20xmlns%3D%22http:\/\/www.w3.org\/2000\/svg%22%20viewBox%3D%220%200%20370%20500%22%3E%3C%2Fsvg%3E\" width=\"370\" height=\"500\" alt=\"300628081_755730152523041_8871345723081799516_n\" data-src=\"https:\/\/razmena.co.rs\/hanan\/wp-content\/uploads\/2025\/11\/300628081_755730152523041_8871345723081799516_n-370x500.jpg\" class=\" ll-image\" \/><\/div>\t\t\t\t\t<\/a>\n\t\t\t\t<\/div>\n\t\t\t<\/div>\n\t\t<\/div>\n\n\t\t<div class=\"category-info\">\n\t<div class=\"category-info-wrapper\">\n\t\t<h5 class=\"category-name\">\n\t\t\t<a href=\"https:\/\/razmena.co.rs\/hanan\/kategorija-proizvoda\/kovano-gvozdje\/zastita-za-vrata-od-kovanog-gvozdja\/\">\n\t\t\t\tZa\u0161tita za vrata od kovanog gvo\u017e\u0111a\t\t\t<\/a>\n\t\t<\/h5>\n\n\t\t\n\t\t\t<\/div>\n<\/div>\n\n\t\t\t<\/div>\n<\/div>\n<div class=\"grid-item product-category product first\">\n\t<div class=\"cat-wrap minimog-box\">\n\t\t<div class=\"minimog-image-wrapper grid-item-height\">\n\t\t\t<div class=\"minimog-image-inner\">\n\t\t\t\t<div class=\"minimog-image image\">\n\t\t\t\t\t<a href=\"https:\/\/razmena.co.rs\/hanan\/kategorija-proizvoda\/kovano-gvozdje\/bastenski-elementi-od-kovanog-gvozdja\/\" class=\"cat-image minimog-box\">\n\t\t\t\t\t\t<div class=\"minimog-lazy-image\" style=\"--lazy-image-width: 370px;--lazy-image-height: 135.13513513514%;\"><img loading=\"lazy\" decoding=\"async\"  src=\"data:image\/svg+xml;charset=utf8,%3Csvg%20xmlns%3D%22http:\/\/www.w3.org\/2000\/svg%22%20viewBox%3D%220%200%20370%20500%22%3E%3C%2Fsvg%3E\" width=\"370\" height=\"500\" alt=\"Bastenski elementi od kovanog\" data-src=\"https:\/\/razmena.co.rs\/hanan\/wp-content\/uploads\/2025\/11\/Bastenski-elementi-od-kovanog-370x500.jpg\" class=\" ll-image\" \/><\/div>\t\t\t\t\t<\/a>\n\t\t\t\t<\/div>\n\t\t\t<\/div>\n\t\t<\/div>\n\n\t\t<div class=\"category-info\">\n\t<div class=\"category-info-wrapper\">\n\t\t<h5 class=\"category-name\">\n\t\t\t<a href=\"https:\/\/razmena.co.rs\/hanan\/kategorija-proizvoda\/kovano-gvozdje\/bastenski-elementi-od-kovanog-gvozdja\/\">\n\t\t\t\tBa\u0161tenski elementi od kovanog gvo\u017e\u0111a\t\t\t<\/a>\n\t\t<\/h5>\n\n\t\t\n\t\t\t<\/div>\n<\/div>\n\n\t\t\t<\/div>\n<\/div>\n<div class=\"grid-item product-category product\">\n\t<div class=\"cat-wrap minimog-box\">\n\t\t<div class=\"minimog-image-wrapper grid-item-height\">\n\t\t\t<div class=\"minimog-image-inner\">\n\t\t\t\t<div class=\"minimog-image image\">\n\t\t\t\t\t<a href=\"https:\/\/razmena.co.rs\/hanan\/kategorija-proizvoda\/kovano-gvozdje\/elementi-za-zavese-od-kovanog-gvozdja\/\" class=\"cat-image minimog-box\">\n\t\t\t\t\t\t<div class=\"minimog-lazy-image\" style=\"--lazy-image-width: 370px;--lazy-image-height: 135.13513513514%;\"><img loading=\"lazy\" decoding=\"async\"  src=\"data:image\/svg+xml;charset=utf8,%3Csvg%20xmlns%3D%22http:\/\/www.w3.org\/2000\/svg%22%20viewBox%3D%220%200%20370%20500%22%3E%3C%2Fsvg%3E\" width=\"370\" height=\"500\" alt=\"Elementi za zavese od kovanog\" data-src=\"https:\/\/razmena.co.rs\/hanan\/wp-content\/uploads\/2025\/11\/Elementi-za-zavese-od-kovanog-370x500.jpg\" class=\" ll-image\" \/><\/div>\t\t\t\t\t<\/a>\n\t\t\t\t<\/div>\n\t\t\t<\/div>\n\t\t<\/div>\n\n\t\t<div class=\"category-info\">\n\t<div class=\"category-info-wrapper\">\n\t\t<h5 class=\"category-name\">\n\t\t\t<a href=\"https:\/\/razmena.co.rs\/hanan\/kategorija-proizvoda\/kovano-gvozdje\/elementi-za-zavese-od-kovanog-gvozdja\/\">\n\t\t\t\tElementi za zavese od kovanog gvo\u017e\u0111a\t\t\t<\/a>\n\t\t<\/h5>\n\n\t\t\n\t\t\t<\/div>\n<\/div>\n\n\t\t\t<\/div>\n<\/div>\n\t\t\t<\/div>\n\t\t<\/div>\n\t\t\t\t<\/div>\n\t\t\t\t<\/div>\n\t\t\t\t\t<\/div>\n\t\t\t\t<\/div>\n\t\t\t\t\t<\/div>\n\t\t\t\t<\/div>\n\t\t\t\t<\/div>\n\t\t","protected":false},"excerpt":{"rendered":"<p>Name\u0161taj od kovanog gvo\u017e\u0111a 1 item Ogledala od kovanog gvo\u017e\u0111a 0 items Rasveta od kovanog gvo\u017e\u0111a 0 items Kuhinjski elementi od kovanog gvo\u017e\u0111a 0 items Pribor za kamin od kovanog gvo\u017e\u0111a 0 items Gelenderi od kovanog gvo\u017e\u0111a 1 item Velike i male kapije od kovanog gvo\u017e\u0111a 1 item Za\u0161tita za prozore od kovanog gvo\u017e\u0111a 0 items Za\u0161tita za vrata od kovanog gvo\u017e\u0111a 0 items Ba\u0161tenski elementi od kovanog gvo\u017e\u0111a 0 items Elementi za zavese od kovanog gvo\u017e\u0111a 0 items<\/p>\n","protected":false},"author":1,"featured_media":0,"parent":0,"menu_order":0,"comment_status":"closed","ping_status":"closed","template":"","meta":{"footnotes":""},"class_list":["post-22","page","type-page","status-publish","hentry","post-no-thumbnail"],"yoast_head":"<!-- This site is optimized with the Yoast SEO plugin v26.4 - https:\/\/yoast.com\/wordpress\/plugins\/seo\/ -->\n<title>KOVANO GVO\u017d\u0110E - Kovano gvo\u017e\u0111e \u2013 HANAN<\/title>\n<meta name=\"robots\" content=\"noindex, follow, max-snippet:-1, max-image-preview:large, max-video-preview:-1\" \/>\n<meta property=\"og:locale\" content=\"sr_RS\" \/>\n<meta property=\"og:type\" content=\"article\" \/>\n<meta property=\"og:title\" content=\"KOVANO GVO\u017d\u0110E - Kovano gvo\u017e\u0111e \u2013 HANAN\" \/>\n<meta property=\"og:description\" content=\"Name\u0161taj od kovanog gvo\u017e\u0111a 1 item Ogledala od kovanog gvo\u017e\u0111a 0 items Rasveta od kovanog gvo\u017e\u0111a 0 items Kuhinjski elementi od kovanog gvo\u017e\u0111a 0 items Pribor za kamin od kovanog gvo\u017e\u0111a 0 items Gelenderi od kovanog gvo\u017e\u0111a 1 item Velike i male kapije od kovanog gvo\u017e\u0111a 1 item Za\u0161tita za prozore od kovanog gvo\u017e\u0111a 0 items Za\u0161tita za vrata od kovanog gvo\u017e\u0111a 0 items Ba\u0161tenski elementi od kovanog gvo\u017e\u0111a 0 items Elementi za zavese od kovanog gvo\u017e\u0111a 0 items\" \/>\n<meta property=\"og:url\" content=\"https:\/\/razmena.co.rs\/hanan\/kovano-gvozde\/\" \/>\n<meta property=\"og:site_name\" content=\"Kovano gvo\u017e\u0111e \u2013 HANAN\" \/>\n<meta property=\"article:modified_time\" content=\"2025-11-23T21:23:35+00:00\" \/>\n<meta property=\"og:image\" content=\"https:\/\/razmena.co.rs\/hanan\/wp-content\/uploads\/2025\/11\/Gemini_Generated_Image_skf42kskf42kskf4.png\" \/>\n\t<meta property=\"og:image:width\" content=\"1024\" \/>\n\t<meta property=\"og:image:height\" content=\"1024\" \/>\n\t<meta property=\"og:image:type\" content=\"image\/png\" \/>\n<meta name=\"twitter:card\" content=\"summary_large_image\" \/>\n<meta name=\"twitter:label1\" content=\"Procenjeno vreme \u010ditanja\" \/>\n\t<meta name=\"twitter:data1\" content=\"3 minuta\" \/>\n<script type=\"application\/ld+json\" class=\"yoast-schema-graph\">{\"@context\":\"https:\/\/schema.org\",\"@graph\":[{\"@type\":\"WebPage\",\"@id\":\"https:\/\/razmena.co.rs\/hanan\/kovano-gvozde\/\",\"url\":\"https:\/\/razmena.co.rs\/hanan\/kovano-gvozde\/\",\"name\":\"KOVANO GVO\u017d\u0110E - Kovano gvo\u017e\u0111e \u2013 HANAN\",\"isPartOf\":{\"@id\":\"https:\/\/razmena.co.rs\/hanan\/#website\"},\"datePublished\":\"2023-10-24T18:21:26+00:00\",\"dateModified\":\"2025-11-23T21:23:35+00:00\",\"breadcrumb\":{\"@id\":\"https:\/\/razmena.co.rs\/hanan\/kovano-gvozde\/#breadcrumb\"},\"inLanguage\":\"sr-RS\",\"potentialAction\":[{\"@type\":\"ReadAction\",\"target\":[\"https:\/\/razmena.co.rs\/hanan\/kovano-gvozde\/\"]}]},{\"@type\":\"BreadcrumbList\",\"@id\":\"https:\/\/razmena.co.rs\/hanan\/kovano-gvozde\/#breadcrumb\",\"itemListElement\":[{\"@type\":\"ListItem\",\"position\":1,\"name\":\"Po\u010detna\",\"item\":\"https:\/\/razmena.co.rs\/hanan\/\"},{\"@type\":\"ListItem\",\"position\":2,\"name\":\"KOVANO GVO\u017d\u0110E\"}]},{\"@type\":\"WebSite\",\"@id\":\"https:\/\/razmena.co.rs\/hanan\/#website\",\"url\":\"https:\/\/razmena.co.rs\/hanan\/\",\"name\":\"Kovano gvo\u017e\u0111e Hanan, Name\u0161taj od kovanog gvo\u017e\u0111a, Gelenderi kovano gvo\u017e\u0111e\",\"description\":\"Kovano gvo\u017e\u0111e Hanan, Name\u0161taj od kovanog gvo\u017e\u0111a, Gelenderi kovano gvo\u017e\u0111e\",\"publisher\":{\"@id\":\"https:\/\/razmena.co.rs\/hanan\/#organization\"},\"potentialAction\":[{\"@type\":\"SearchAction\",\"target\":{\"@type\":\"EntryPoint\",\"urlTemplate\":\"https:\/\/razmena.co.rs\/hanan\/?s={search_term_string}\"},\"query-input\":{\"@type\":\"PropertyValueSpecification\",\"valueRequired\":true,\"valueName\":\"search_term_string\"}}],\"inLanguage\":\"sr-RS\"},{\"@type\":\"Organization\",\"@id\":\"https:\/\/razmena.co.rs\/hanan\/#organization\",\"name\":\"Kovano gvo\u017e\u0111e Hanan, Name\u0161taj od kovanog gvo\u017e\u0111a, Gelenderi kovano gvo\u017e\u0111e\",\"url\":\"https:\/\/razmena.co.rs\/hanan\/\",\"logo\":{\"@type\":\"ImageObject\",\"inLanguage\":\"sr-RS\",\"@id\":\"https:\/\/razmena.co.rs\/hanan\/#\/schema\/logo\/image\/\",\"url\":\"https:\/\/razmena.co.rs\/hanan\/wp-content\/uploads\/2025\/11\/Gemini_Generated_Image_skf42kskf42kskf4.png\",\"contentUrl\":\"https:\/\/razmena.co.rs\/hanan\/wp-content\/uploads\/2025\/11\/Gemini_Generated_Image_skf42kskf42kskf4.png\",\"width\":1024,\"height\":1024,\"caption\":\"Kovano gvo\u017e\u0111e Hanan, Name\u0161taj od kovanog gvo\u017e\u0111a, Gelenderi kovano gvo\u017e\u0111e\"},\"image\":{\"@id\":\"https:\/\/razmena.co.rs\/hanan\/#\/schema\/logo\/image\/\"}}]}<\/script>\n<!-- \/ Yoast SEO plugin. -->","yoast_head_json":{"title":"KOVANO GVO\u017d\u0110E - Kovano gvo\u017e\u0111e \u2013 HANAN","robots":{"index":"noindex","follow":"follow","max-snippet":"max-snippet:-1","max-image-preview":"max-image-preview:large","max-video-preview":"max-video-preview:-1"},"og_locale":"sr_RS","og_type":"article","og_title":"KOVANO GVO\u017d\u0110E - Kovano gvo\u017e\u0111e \u2013 HANAN","og_description":"Name\u0161taj od kovanog gvo\u017e\u0111a 1 item Ogledala od kovanog gvo\u017e\u0111a 0 items Rasveta od kovanog gvo\u017e\u0111a 0 items Kuhinjski elementi od kovanog gvo\u017e\u0111a 0 items Pribor za kamin od kovanog gvo\u017e\u0111a 0 items Gelenderi od kovanog gvo\u017e\u0111a 1 item Velike i male kapije od kovanog gvo\u017e\u0111a 1 item Za\u0161tita za prozore od kovanog gvo\u017e\u0111a 0 items Za\u0161tita za vrata od kovanog gvo\u017e\u0111a 0 items Ba\u0161tenski elementi od kovanog gvo\u017e\u0111a 0 items Elementi za zavese od kovanog gvo\u017e\u0111a 0 items","og_url":"https:\/\/razmena.co.rs\/hanan\/kovano-gvozde\/","og_site_name":"Kovano gvo\u017e\u0111e \u2013 HANAN","article_modified_time":"2025-11-23T21:23:35+00:00","og_image":[{"width":1024,"height":1024,"url":"https:\/\/razmena.co.rs\/hanan\/wp-content\/uploads\/2025\/11\/Gemini_Generated_Image_skf42kskf42kskf4.png","type":"image\/png"}],"twitter_card":"summary_large_image","twitter_misc":{"Procenjeno vreme \u010ditanja":"3 minuta"},"schema":{"@context":"https:\/\/schema.org","@graph":[{"@type":"WebPage","@id":"https:\/\/razmena.co.rs\/hanan\/kovano-gvozde\/","url":"https:\/\/razmena.co.rs\/hanan\/kovano-gvozde\/","name":"KOVANO GVO\u017d\u0110E - Kovano gvo\u017e\u0111e \u2013 HANAN","isPartOf":{"@id":"https:\/\/razmena.co.rs\/hanan\/#website"},"datePublished":"2023-10-24T18:21:26+00:00","dateModified":"2025-11-23T21:23:35+00:00","breadcrumb":{"@id":"https:\/\/razmena.co.rs\/hanan\/kovano-gvozde\/#breadcrumb"},"inLanguage":"sr-RS","potentialAction":[{"@type":"ReadAction","target":["https:\/\/razmena.co.rs\/hanan\/kovano-gvozde\/"]}]},{"@type":"BreadcrumbList","@id":"https:\/\/razmena.co.rs\/hanan\/kovano-gvozde\/#breadcrumb","itemListElement":[{"@type":"ListItem","position":1,"name":"Po\u010detna","item":"https:\/\/razmena.co.rs\/hanan\/"},{"@type":"ListItem","position":2,"name":"KOVANO GVO\u017d\u0110E"}]},{"@type":"WebSite","@id":"https:\/\/razmena.co.rs\/hanan\/#website","url":"https:\/\/razmena.co.rs\/hanan\/","name":"Kovano gvo\u017e\u0111e Hanan, Name\u0161taj od kovanog gvo\u017e\u0111a, Gelenderi kovano gvo\u017e\u0111e","description":"Kovano gvo\u017e\u0111e Hanan, Name\u0161taj od kovanog gvo\u017e\u0111a, Gelenderi kovano gvo\u017e\u0111e","publisher":{"@id":"https:\/\/razmena.co.rs\/hanan\/#organization"},"potentialAction":[{"@type":"SearchAction","target":{"@type":"EntryPoint","urlTemplate":"https:\/\/razmena.co.rs\/hanan\/?s={search_term_string}"},"query-input":{"@type":"PropertyValueSpecification","valueRequired":true,"valueName":"search_term_string"}}],"inLanguage":"sr-RS"},{"@type":"Organization","@id":"https:\/\/razmena.co.rs\/hanan\/#organization","name":"Kovano gvo\u017e\u0111e Hanan, Name\u0161taj od kovanog gvo\u017e\u0111a, Gelenderi kovano gvo\u017e\u0111e","url":"https:\/\/razmena.co.rs\/hanan\/","logo":{"@type":"ImageObject","inLanguage":"sr-RS","@id":"https:\/\/razmena.co.rs\/hanan\/#\/schema\/logo\/image\/","url":"https:\/\/razmena.co.rs\/hanan\/wp-content\/uploads\/2025\/11\/Gemini_Generated_Image_skf42kskf42kskf4.png","contentUrl":"https:\/\/razmena.co.rs\/hanan\/wp-content\/uploads\/2025\/11\/Gemini_Generated_Image_skf42kskf42kskf4.png","width":1024,"height":1024,"caption":"Kovano gvo\u017e\u0111e Hanan, Name\u0161taj od kovanog gvo\u017e\u0111a, Gelenderi kovano gvo\u017e\u0111e"},"image":{"@id":"https:\/\/razmena.co.rs\/hanan\/#\/schema\/logo\/image\/"}}]}},"_links":{"self":[{"href":"https:\/\/razmena.co.rs\/hanan\/wp-json\/wp\/v2\/pages\/22","targetHints":{"allow":["GET"]}}],"collection":[{"href":"https:\/\/razmena.co.rs\/hanan\/wp-json\/wp\/v2\/pages"}],"about":[{"href":"https:\/\/razmena.co.rs\/hanan\/wp-json\/wp\/v2\/types\/page"}],"author":[{"embeddable":true,"href":"https:\/\/razmena.co.rs\/hanan\/wp-json\/wp\/v2\/users\/1"}],"replies":[{"embeddable":true,"href":"https:\/\/razmena.co.rs\/hanan\/wp-json\/wp\/v2\/comments?post=22"}],"version-history":[{"count":122,"href":"https:\/\/razmena.co.rs\/hanan\/wp-json\/wp\/v2\/pages\/22\/revisions"}],"predecessor-version":[{"id":1940,"href":"https:\/\/razmena.co.rs\/hanan\/wp-json\/wp\/v2\/pages\/22\/revisions\/1940"}],"wp:attachment":[{"href":"https:\/\/razmena.co.rs\/hanan\/wp-json\/wp\/v2\/media?parent=22"}],"curies":[{"name":"wp","href":"https:\/\/api.w.org\/{rel}","templated":true}]}}