{"id":26,"date":"2023-10-24T20:21:53","date_gmt":"2023-10-24T18:21:53","guid":{"rendered":"https:\/\/razmena.co.rs\/mojavinarija\/?page_id=26"},"modified":"2025-11-23T19:12:17","modified_gmt":"2025-11-23T18:12:17","slug":"novosti","status":"publish","type":"page","link":"https:\/\/razmena.co.rs\/hanan\/novosti\/","title":{"rendered":"NOVOSTI"},"content":{"rendered":"\t\t<div data-elementor-type=\"wp-page\" data-elementor-id=\"26\" class=\"elementor elementor-26\">\n\t\t\t\t<div class=\"elementor-element elementor-element-139644b elementor-hidden-mobile e-flex e-con-boxed e-con e-parent\" data-id=\"139644b\" data-element_type=\"container\">\n\t\t\t\t\t<div class=\"e-con-inner\">\n\t\t\t\t<div class=\"elementor-element elementor-element-3f3dd06 elementor-widget elementor-widget-tm-blog\" data-id=\"3f3dd06\" data-element_type=\"widget\" data-widget_type=\"tm-blog.default\">\n\t\t\t\t<div class=\"elementor-widget-container\">\n\t\t\t\t\t<div class=\"minimog-grid-wrapper minimog-blog minimog-blog-grid minimog-blog-caption-style-01\" data-grid=\"{&quot;type&quot;:&quot;masonry&quot;,&quot;columns&quot;:3,&quot;gutter&quot;:30,&quot;gutterMobile&quot;:0}\" style=\"--grid-columns-desktop: 3;--grid-gutter-desktop: 30;--grid-gutter-mobile: 0;\">\n\t\t\t\t\t\t\t\t\t\t\t<input type=\"hidden\"\n\t\t\t\t       class=\"minimog-query-input\" value=\"{&quot;source&quot;:&quot;custom_query&quot;,&quot;action&quot;:&quot;post_infinite_load&quot;,&quot;max_num_pages&quot;:1,&quot;found_posts&quot;:3,&quot;count&quot;:3,&quot;query_vars&quot;:{&quot;post_type&quot;:&quot;post&quot;,&quot;posts_per_page&quot;:6,&quot;orderby&quot;:&quot;date&quot;,&quot;order&quot;:&quot;DESC&quot;,&quot;post_status&quot;:&quot;publish&quot;,&quot;paged&quot;:1},&quot;settings&quot;:{&quot;layout&quot;:&quot;grid&quot;,&quot;show_caption&quot;:&quot;yes&quot;,&quot;show_excerpt&quot;:&quot;&quot;,&quot;caption_style&quot;:&quot;01&quot;,&quot;thumbnail_size&quot;:&quot;custom&quot;,&quot;thumbnail_custom_dimension&quot;:{&quot;width&quot;:&quot;300&quot;,&quot;height&quot;:&quot;300&quot;},&quot;thumbnail_default_size&quot;:&quot;&quot;}}\"\/>\n\n\t\t\t\t<div class=\"minimog-grid  lazy-grid\">\n\t\t\t\t\t\t\t\t\t\t\t<div class=\"grid-sizer\"><\/div>\n\t\t\t\t\t\n\t\t\t\t\t<div class=\"grid-item post-item post-221 post type-post status-publish format-standard has-post-thumbnail hentry category-novosti\">\n\t<div class=\"post-wrapper minimog-box\">\n\t\t\t\t\t<div class=\"post-thumbnail-wrapper\">\n\t\t\t\t<div class=\"post-feature post-thumbnail minimog-image\">\n\t\t\t\t\t<a href=\"https:\/\/razmena.co.rs\/hanan\/2025\/11\/20\/sta-utice-na-cenu-kovane-gvozdene-konstrukcije\/\">\n\t\t\t\t\t\t<div class=\"minimog-lazy-image\" style=\"--lazy-image-width: 300px;--lazy-image-height: 100%;\"><img fetchpriority=\"high\" decoding=\"async\"  src=\"data:image\/svg+xml;charset=utf8,%3Csvg%20xmlns%3D%22http:\/\/www.w3.org\/2000\/svg%22%20viewBox%3D%220%200%20300%20300%22%3E%3C%2Fsvg%3E\" width=\"300\" height=\"300\" alt=\"feforje-fiyati-nasil-hesaplanir-jpg1708941359.21268\" data-src=\"https:\/\/razmena.co.rs\/hanan\/wp-content\/uploads\/2023\/10\/feforje-fiyati-nasil-hesaplanir-jpg1708941359.21268-300x300.jpg\" class=\" ll-image\" \/><\/div>\t\t\t\t\t<\/a>\n\t\t\t\t<\/div>\n\t\t\t<\/div>\n\t\t\n\t\t\t\t\t<div class=\"post-caption\">\n\t\t\t\t\t\t\t<div class=\"post-categories\">\n\t\t\t\t<a href=\"https:\/\/razmena.co.rs\/hanan\/category\/novosti\/\"><span>Novosti<\/span><\/a>\t\t\t<\/div>\n\t\t\t<h3 class=\"post-title post-title-2-rows\">\n\t<a href=\"https:\/\/razmena.co.rs\/hanan\/2025\/11\/20\/sta-utice-na-cenu-kovane-gvozdene-konstrukcije\/\">\u0160ta uti\u010de na cenu kovane gvozdene konstrukcije?<\/a>\n<\/h3>\n\t\t\t<\/div>\n\t\t\t<\/div>\n<\/div>\n<div class=\"grid-item post-item post-224 post type-post status-publish format-standard has-post-thumbnail hentry category-novosti\">\n\t<div class=\"post-wrapper minimog-box\">\n\t\t\t\t\t<div class=\"post-thumbnail-wrapper\">\n\t\t\t\t<div class=\"post-feature post-thumbnail minimog-image\">\n\t\t\t\t\t<a href=\"https:\/\/razmena.co.rs\/hanan\/2025\/10\/24\/sta-je-nadstresnica\/\">\n\t\t\t\t\t\t<div class=\"minimog-lazy-image\" style=\"--lazy-image-width: 300px;--lazy-image-height: 100%;\"><img decoding=\"async\"  src=\"data:image\/svg+xml;charset=utf8,%3Csvg%20xmlns%3D%22http:\/\/www.w3.org\/2000\/svg%22%20viewBox%3D%220%200%20300%20300%22%3E%3C%2Fsvg%3E\" width=\"300\" height=\"300\" alt=\"sundurma-nedir-webp1700088670\" data-src=\"https:\/\/razmena.co.rs\/hanan\/wp-content\/uploads\/2025\/10\/sundurma-nedir-webp1700088670-300x300.png\" class=\" ll-image\" \/><\/div>\t\t\t\t\t<\/a>\n\t\t\t\t<\/div>\n\t\t\t<\/div>\n\t\t\n\t\t\t\t\t<div class=\"post-caption\">\n\t\t\t\t\t\t\t<div class=\"post-categories\">\n\t\t\t\t<a href=\"https:\/\/razmena.co.rs\/hanan\/category\/novosti\/\"><span>Novosti<\/span><\/a>\t\t\t<\/div>\n\t\t\t<h3 class=\"post-title post-title-2-rows\">\n\t<a href=\"https:\/\/razmena.co.rs\/hanan\/2025\/10\/24\/sta-je-nadstresnica\/\">\u0160ta je nadstre\u0161nica?<\/a>\n<\/h3>\n\t\t\t<\/div>\n\t\t\t<\/div>\n<\/div>\n<div class=\"grid-item post-item post-218 post type-post status-publish format-standard has-post-thumbnail hentry category-novosti\">\n\t<div class=\"post-wrapper minimog-box\">\n\t\t\t\t\t<div class=\"post-thumbnail-wrapper\">\n\t\t\t\t<div class=\"post-feature post-thumbnail minimog-image\">\n\t\t\t\t\t<a href=\"https:\/\/razmena.co.rs\/hanan\/2025\/10\/16\/sta-je-francuski-balkon\/\">\n\t\t\t\t\t\t<div class=\"minimog-lazy-image\" style=\"--lazy-image-width: 300px;--lazy-image-height: 100%;\"><img decoding=\"async\"  src=\"data:image\/svg+xml;charset=utf8,%3Csvg%20xmlns%3D%22http:\/\/www.w3.org\/2000\/svg%22%20viewBox%3D%220%200%20300%20300%22%3E%3C%2Fsvg%3E\" width=\"300\" height=\"300\" alt=\"fransiz-balkon-nedir-webp1700079350\" data-src=\"https:\/\/razmena.co.rs\/hanan\/wp-content\/uploads\/2025\/10\/fransiz-balkon-nedir-webp1700079350-300x300.png\" class=\" ll-image\" \/><\/div>\t\t\t\t\t<\/a>\n\t\t\t\t<\/div>\n\t\t\t<\/div>\n\t\t\n\t\t\t\t\t<div class=\"post-caption\">\n\t\t\t\t\t\t\t<div class=\"post-categories\">\n\t\t\t\t<a href=\"https:\/\/razmena.co.rs\/hanan\/category\/novosti\/\"><span>Novosti<\/span><\/a>\t\t\t<\/div>\n\t\t\t<h3 class=\"post-title post-title-2-rows\">\n\t<a href=\"https:\/\/razmena.co.rs\/hanan\/2025\/10\/16\/sta-je-francuski-balkon\/\">\u0160ta je francuski balkon?<\/a>\n<\/h3>\n\t\t\t<\/div>\n\t\t\t<\/div>\n<\/div>\n\t\t\t\t<\/div>\n\n\t\t\t\t\n\t\t\t\t\t\t\t\t\t<\/div>\n\t\t\t\t<\/div>\n\t\t\t\t<\/div>\n\t\t\t\t\t<\/div>\n\t\t\t\t<\/div>\n\t\t<div class=\"elementor-element elementor-element-40ae037 elementor-hidden-desktop elementor-hidden-tablet e-flex e-con-boxed e-con e-parent\" data-id=\"40ae037\" data-element_type=\"container\">\n\t\t\t\t\t<div class=\"e-con-inner\">\n\t\t\t\t<div class=\"elementor-element elementor-element-2e24509 elementor-widget elementor-widget-tm-blog\" data-id=\"2e24509\" data-element_type=\"widget\" data-widget_type=\"tm-blog.default\">\n\t\t\t\t<div class=\"elementor-widget-container\">\n\t\t\t\t\t<div class=\"minimog-grid-wrapper minimog-blog minimog-blog-list\">\n\t\t\t\t\t\t\t\t\t\t\t<input type=\"hidden\"\n\t\t\t\t       class=\"minimog-query-input\" value=\"{&quot;source&quot;:&quot;custom_query&quot;,&quot;action&quot;:&quot;post_infinite_load&quot;,&quot;max_num_pages&quot;:1,&quot;found_posts&quot;:3,&quot;count&quot;:3,&quot;query_vars&quot;:{&quot;post_type&quot;:&quot;post&quot;,&quot;posts_per_page&quot;:6,&quot;orderby&quot;:&quot;date&quot;,&quot;order&quot;:&quot;DESC&quot;,&quot;post_status&quot;:&quot;publish&quot;,&quot;paged&quot;:1},&quot;settings&quot;:{&quot;layout&quot;:&quot;list&quot;,&quot;show_caption&quot;:&quot;yes&quot;,&quot;show_excerpt&quot;:&quot;&quot;,&quot;caption_style&quot;:null,&quot;thumbnail_size&quot;:&quot;custom&quot;,&quot;thumbnail_custom_dimension&quot;:{&quot;width&quot;:&quot;300&quot;,&quot;height&quot;:&quot;300&quot;},&quot;thumbnail_default_size&quot;:&quot;&quot;}}\"\/>\n\n\t\t\t\t<div class=\"minimog-grid \">\n\t\t\t\t\t\n\t\t\t\t\t<div class=\"grid-item post-item post-221 post type-post status-publish format-standard has-post-thumbnail hentry category-novosti\">\n\t<div class=\"post-wrapper minimog-box\">\n\n\t\t\t\t\t<div class=\"post-thumbnail-wrapper\">\n\t\t\t\t<div class=\"post-feature post-thumbnail minimog-image\">\n\t\t\t\t\t<a href=\"https:\/\/razmena.co.rs\/hanan\/2025\/11\/20\/sta-utice-na-cenu-kovane-gvozdene-konstrukcije\/\">\n\t\t\t\t\t\t<div class=\"minimog-lazy-image\" style=\"--lazy-image-width: 840px;--lazy-image-height: 64.761904761905%;\"><img loading=\"lazy\" decoding=\"async\"  src=\"data:image\/svg+xml;charset=utf8,%3Csvg%20xmlns%3D%22http:\/\/www.w3.org\/2000\/svg%22%20viewBox%3D%220%200%20840%20544%22%3E%3C%2Fsvg%3E\" width=\"840\" height=\"544\" alt=\"feforje-fiyati-nasil-hesaplanir-jpg1708941359.21268\" data-src=\"https:\/\/razmena.co.rs\/hanan\/wp-content\/uploads\/2023\/10\/feforje-fiyati-nasil-hesaplanir-jpg1708941359.21268-840x544.jpg\" class=\" ll-image\" \/><\/div>\t\t\t\t\t<\/a>\n\t\t\t\t<\/div>\n\t\t\t<\/div>\n\t\t\n\t\t\t\t\t<div class=\"post-caption\">\n\t\t\t\t<div class=\"entry-post-meta post-meta\">\n\t\t\t\t\t<div class=\"entry-post-meta__inner inner\">\n\t\t\t\t\t\t\t\t\t<div class=\"post-date\">\n\t\t\t\t20. novembar 2025.\t\t\t<\/div>\n\t\t\t\t\t\t\t\t<\/div>\n\t\t\t\t<\/div>\n\t\t\t\t\n\t\t\t\t<h3 class=\"post-title\">\n\t<a href=\"https:\/\/razmena.co.rs\/hanan\/2025\/11\/20\/sta-utice-na-cenu-kovane-gvozdene-konstrukcije\/\">\u0160ta uti\u010de na cenu kovane gvozdene konstrukcije?<\/a>\n<\/h3>\n\n\t\t\t\t\t\t\t<\/div>\n\t\t\t<\/div>\n<\/div>\n<div class=\"grid-item post-item post-224 post type-post status-publish format-standard has-post-thumbnail hentry category-novosti\">\n\t<div class=\"post-wrapper minimog-box\">\n\n\t\t\t\t\t<div class=\"post-thumbnail-wrapper\">\n\t\t\t\t<div class=\"post-feature post-thumbnail minimog-image\">\n\t\t\t\t\t<a href=\"https:\/\/razmena.co.rs\/hanan\/2025\/10\/24\/sta-je-nadstresnica\/\">\n\t\t\t\t\t\t<div class=\"minimog-lazy-image\" style=\"--lazy-image-width: 840px;--lazy-image-height: 64.761904761905%;\"><img loading=\"lazy\" decoding=\"async\"  src=\"data:image\/svg+xml;charset=utf8,%3Csvg%20xmlns%3D%22http:\/\/www.w3.org\/2000\/svg%22%20viewBox%3D%220%200%20840%20544%22%3E%3C%2Fsvg%3E\" width=\"840\" height=\"544\" alt=\"sundurma-nedir-webp1700088670\" data-src=\"https:\/\/razmena.co.rs\/hanan\/wp-content\/uploads\/2025\/10\/sundurma-nedir-webp1700088670-840x544.png\" class=\" ll-image\" \/><\/div>\t\t\t\t\t<\/a>\n\t\t\t\t<\/div>\n\t\t\t<\/div>\n\t\t\n\t\t\t\t\t<div class=\"post-caption\">\n\t\t\t\t<div class=\"entry-post-meta post-meta\">\n\t\t\t\t\t<div class=\"entry-post-meta__inner inner\">\n\t\t\t\t\t\t\t\t\t<div class=\"post-date\">\n\t\t\t\t24. oktobar 2025.\t\t\t<\/div>\n\t\t\t\t\t\t\t\t<\/div>\n\t\t\t\t<\/div>\n\t\t\t\t\n\t\t\t\t<h3 class=\"post-title\">\n\t<a href=\"https:\/\/razmena.co.rs\/hanan\/2025\/10\/24\/sta-je-nadstresnica\/\">\u0160ta je nadstre\u0161nica?<\/a>\n<\/h3>\n\n\t\t\t\t\t\t\t<\/div>\n\t\t\t<\/div>\n<\/div>\n<div class=\"grid-item post-item post-218 post type-post status-publish format-standard has-post-thumbnail hentry category-novosti\">\n\t<div class=\"post-wrapper minimog-box\">\n\n\t\t\t\t\t<div class=\"post-thumbnail-wrapper\">\n\t\t\t\t<div class=\"post-feature post-thumbnail minimog-image\">\n\t\t\t\t\t<a href=\"https:\/\/razmena.co.rs\/hanan\/2025\/10\/16\/sta-je-francuski-balkon\/\">\n\t\t\t\t\t\t<div class=\"minimog-lazy-image\" style=\"--lazy-image-width: 840px;--lazy-image-height: 64.761904761905%;\"><img loading=\"lazy\" decoding=\"async\"  src=\"data:image\/svg+xml;charset=utf8,%3Csvg%20xmlns%3D%22http:\/\/www.w3.org\/2000\/svg%22%20viewBox%3D%220%200%20840%20544%22%3E%3C%2Fsvg%3E\" width=\"840\" height=\"544\" alt=\"fransiz-balkon-nedir-webp1700079350\" data-src=\"https:\/\/razmena.co.rs\/hanan\/wp-content\/uploads\/2025\/10\/fransiz-balkon-nedir-webp1700079350-840x544.png\" class=\" ll-image\" \/><\/div>\t\t\t\t\t<\/a>\n\t\t\t\t<\/div>\n\t\t\t<\/div>\n\t\t\n\t\t\t\t\t<div class=\"post-caption\">\n\t\t\t\t<div class=\"entry-post-meta post-meta\">\n\t\t\t\t\t<div class=\"entry-post-meta__inner inner\">\n\t\t\t\t\t\t\t\t\t<div class=\"post-date\">\n\t\t\t\t16. oktobar 2025.\t\t\t<\/div>\n\t\t\t\t\t\t\t\t<\/div>\n\t\t\t\t<\/div>\n\t\t\t\t\n\t\t\t\t<h3 class=\"post-title\">\n\t<a href=\"https:\/\/razmena.co.rs\/hanan\/2025\/10\/16\/sta-je-francuski-balkon\/\">\u0160ta je francuski balkon?<\/a>\n<\/h3>\n\n\t\t\t\t\t\t\t<\/div>\n\t\t\t<\/div>\n<\/div>\n\t\t\t\t<\/div>\n\n\t\t\t\t\n\t\t\t\t\t\t\t\t\t<\/div>\n\t\t\t\t<\/div>\n\t\t\t\t<\/div>\n\t\t\t\t\t<\/div>\n\t\t\t\t<\/div>\n\t\t\t\t<\/div>\n\t\t","protected":false},"excerpt":{"rendered":"<p>Blog Sigurnosna ulazna vrata: Klju\u010dna za\u0161tita va\u0161eg doma Blog Sigurnosna ulazna vrata po meri Blog Ulazna vrata \u2013 sigurnost koja se obezbe\u0111uje kvalitetom 24. oktobar 2023. Sigurnosna ulazna vrata: Klju\u010dna za\u0161tita va\u0161eg doma 24. oktobar 2023. Sigurnosna ulazna vrata po meri 16. maj 2023. Ulazna vrata \u2013 sigurnost koja se obezbe\u0111uje kvalitetom<\/p>\n","protected":false},"author":1,"featured_media":0,"parent":0,"menu_order":0,"comment_status":"closed","ping_status":"closed","template":"","meta":{"footnotes":""},"class_list":["post-26","page","type-page","status-publish","hentry"],"yoast_head":"<!-- This site is optimized with the Yoast SEO plugin v26.4 - https:\/\/yoast.com\/wordpress\/plugins\/seo\/ -->\n<title>NOVOSTI - Kovano gvo\u017e\u0111e \u2013 HANAN<\/title>\n<meta name=\"robots\" content=\"noindex, follow, max-snippet:-1, max-image-preview:large, max-video-preview:-1\" \/>\n<meta property=\"og:locale\" content=\"sr_RS\" \/>\n<meta property=\"og:type\" content=\"article\" \/>\n<meta property=\"og:title\" content=\"NOVOSTI - Kovano gvo\u017e\u0111e \u2013 HANAN\" \/>\n<meta property=\"og:description\" content=\"Blog Sigurnosna ulazna vrata: Klju\u010dna za\u0161tita va\u0161eg doma Blog Sigurnosna ulazna vrata po meri Blog Ulazna vrata \u2013 sigurnost koja se obezbe\u0111uje kvalitetom 24. oktobar 2023. Sigurnosna ulazna vrata: Klju\u010dna za\u0161tita va\u0161eg doma 24. oktobar 2023. Sigurnosna ulazna vrata po meri 16. maj 2023. Ulazna vrata \u2013 sigurnost koja se obezbe\u0111uje kvalitetom\" \/>\n<meta property=\"og:url\" content=\"https:\/\/razmena.co.rs\/hanan\/novosti\/\" \/>\n<meta property=\"og:site_name\" content=\"Kovano gvo\u017e\u0111e \u2013 HANAN\" \/>\n<meta property=\"article:modified_time\" content=\"2025-11-23T18:12:17+00:00\" \/>\n<meta property=\"og:image\" content=\"https:\/\/razmena.co.rs\/hanan\/wp-content\/uploads\/2025\/11\/Gemini_Generated_Image_skf42kskf42kskf4.png\" \/>\n\t<meta property=\"og:image:width\" content=\"1024\" \/>\n\t<meta property=\"og:image:height\" content=\"1024\" \/>\n\t<meta property=\"og:image:type\" content=\"image\/png\" \/>\n<meta name=\"twitter:card\" content=\"summary_large_image\" \/>\n<meta name=\"twitter:label1\" content=\"Procenjeno vreme \u010ditanja\" \/>\n\t<meta name=\"twitter:data1\" content=\"2 minuta\" \/>\n<script type=\"application\/ld+json\" class=\"yoast-schema-graph\">{\"@context\":\"https:\/\/schema.org\",\"@graph\":[{\"@type\":\"WebPage\",\"@id\":\"https:\/\/razmena.co.rs\/hanan\/novosti\/\",\"url\":\"https:\/\/razmena.co.rs\/hanan\/novosti\/\",\"name\":\"NOVOSTI - Kovano gvo\u017e\u0111e \u2013 HANAN\",\"isPartOf\":{\"@id\":\"https:\/\/razmena.co.rs\/hanan\/#website\"},\"datePublished\":\"2023-10-24T18:21:53+00:00\",\"dateModified\":\"2025-11-23T18:12:17+00:00\",\"breadcrumb\":{\"@id\":\"https:\/\/razmena.co.rs\/hanan\/novosti\/#breadcrumb\"},\"inLanguage\":\"sr-RS\",\"potentialAction\":[{\"@type\":\"ReadAction\",\"target\":[\"https:\/\/razmena.co.rs\/hanan\/novosti\/\"]}]},{\"@type\":\"BreadcrumbList\",\"@id\":\"https:\/\/razmena.co.rs\/hanan\/novosti\/#breadcrumb\",\"itemListElement\":[{\"@type\":\"ListItem\",\"position\":1,\"name\":\"Po\u010detna\",\"item\":\"https:\/\/razmena.co.rs\/hanan\/\"},{\"@type\":\"ListItem\",\"position\":2,\"name\":\"NOVOSTI\"}]},{\"@type\":\"WebSite\",\"@id\":\"https:\/\/razmena.co.rs\/hanan\/#website\",\"url\":\"https:\/\/razmena.co.rs\/hanan\/\",\"name\":\"Kovano gvo\u017e\u0111e Hanan, Name\u0161taj od kovanog gvo\u017e\u0111a, Gelenderi kovano gvo\u017e\u0111e\",\"description\":\"Kovano gvo\u017e\u0111e Hanan, Name\u0161taj od kovanog gvo\u017e\u0111a, Gelenderi kovano gvo\u017e\u0111e\",\"publisher\":{\"@id\":\"https:\/\/razmena.co.rs\/hanan\/#organization\"},\"potentialAction\":[{\"@type\":\"SearchAction\",\"target\":{\"@type\":\"EntryPoint\",\"urlTemplate\":\"https:\/\/razmena.co.rs\/hanan\/?s={search_term_string}\"},\"query-input\":{\"@type\":\"PropertyValueSpecification\",\"valueRequired\":true,\"valueName\":\"search_term_string\"}}],\"inLanguage\":\"sr-RS\"},{\"@type\":\"Organization\",\"@id\":\"https:\/\/razmena.co.rs\/hanan\/#organization\",\"name\":\"Kovano gvo\u017e\u0111e Hanan, Name\u0161taj od kovanog gvo\u017e\u0111a, Gelenderi kovano gvo\u017e\u0111e\",\"url\":\"https:\/\/razmena.co.rs\/hanan\/\",\"logo\":{\"@type\":\"ImageObject\",\"inLanguage\":\"sr-RS\",\"@id\":\"https:\/\/razmena.co.rs\/hanan\/#\/schema\/logo\/image\/\",\"url\":\"https:\/\/razmena.co.rs\/hanan\/wp-content\/uploads\/2025\/11\/Gemini_Generated_Image_skf42kskf42kskf4.png\",\"contentUrl\":\"https:\/\/razmena.co.rs\/hanan\/wp-content\/uploads\/2025\/11\/Gemini_Generated_Image_skf42kskf42kskf4.png\",\"width\":1024,\"height\":1024,\"caption\":\"Kovano gvo\u017e\u0111e Hanan, Name\u0161taj od kovanog gvo\u017e\u0111a, Gelenderi kovano gvo\u017e\u0111e\"},\"image\":{\"@id\":\"https:\/\/razmena.co.rs\/hanan\/#\/schema\/logo\/image\/\"}}]}<\/script>\n<!-- \/ Yoast SEO plugin. -->","yoast_head_json":{"title":"NOVOSTI - Kovano gvo\u017e\u0111e \u2013 HANAN","robots":{"index":"noindex","follow":"follow","max-snippet":"max-snippet:-1","max-image-preview":"max-image-preview:large","max-video-preview":"max-video-preview:-1"},"og_locale":"sr_RS","og_type":"article","og_title":"NOVOSTI - Kovano gvo\u017e\u0111e \u2013 HANAN","og_description":"Blog Sigurnosna ulazna vrata: Klju\u010dna za\u0161tita va\u0161eg doma Blog Sigurnosna ulazna vrata po meri Blog Ulazna vrata \u2013 sigurnost koja se obezbe\u0111uje kvalitetom 24. oktobar 2023. Sigurnosna ulazna vrata: Klju\u010dna za\u0161tita va\u0161eg doma 24. oktobar 2023. Sigurnosna ulazna vrata po meri 16. maj 2023. Ulazna vrata \u2013 sigurnost koja se obezbe\u0111uje kvalitetom","og_url":"https:\/\/razmena.co.rs\/hanan\/novosti\/","og_site_name":"Kovano gvo\u017e\u0111e \u2013 HANAN","article_modified_time":"2025-11-23T18:12:17+00:00","og_image":[{"width":1024,"height":1024,"url":"https:\/\/razmena.co.rs\/hanan\/wp-content\/uploads\/2025\/11\/Gemini_Generated_Image_skf42kskf42kskf4.png","type":"image\/png"}],"twitter_card":"summary_large_image","twitter_misc":{"Procenjeno vreme \u010ditanja":"2 minuta"},"schema":{"@context":"https:\/\/schema.org","@graph":[{"@type":"WebPage","@id":"https:\/\/razmena.co.rs\/hanan\/novosti\/","url":"https:\/\/razmena.co.rs\/hanan\/novosti\/","name":"NOVOSTI - Kovano gvo\u017e\u0111e \u2013 HANAN","isPartOf":{"@id":"https:\/\/razmena.co.rs\/hanan\/#website"},"datePublished":"2023-10-24T18:21:53+00:00","dateModified":"2025-11-23T18:12:17+00:00","breadcrumb":{"@id":"https:\/\/razmena.co.rs\/hanan\/novosti\/#breadcrumb"},"inLanguage":"sr-RS","potentialAction":[{"@type":"ReadAction","target":["https:\/\/razmena.co.rs\/hanan\/novosti\/"]}]},{"@type":"BreadcrumbList","@id":"https:\/\/razmena.co.rs\/hanan\/novosti\/#breadcrumb","itemListElement":[{"@type":"ListItem","position":1,"name":"Po\u010detna","item":"https:\/\/razmena.co.rs\/hanan\/"},{"@type":"ListItem","position":2,"name":"NOVOSTI"}]},{"@type":"WebSite","@id":"https:\/\/razmena.co.rs\/hanan\/#website","url":"https:\/\/razmena.co.rs\/hanan\/","name":"Kovano gvo\u017e\u0111e Hanan, Name\u0161taj od kovanog gvo\u017e\u0111a, Gelenderi kovano gvo\u017e\u0111e","description":"Kovano gvo\u017e\u0111e Hanan, Name\u0161taj od kovanog gvo\u017e\u0111a, Gelenderi kovano gvo\u017e\u0111e","publisher":{"@id":"https:\/\/razmena.co.rs\/hanan\/#organization"},"potentialAction":[{"@type":"SearchAction","target":{"@type":"EntryPoint","urlTemplate":"https:\/\/razmena.co.rs\/hanan\/?s={search_term_string}"},"query-input":{"@type":"PropertyValueSpecification","valueRequired":true,"valueName":"search_term_string"}}],"inLanguage":"sr-RS"},{"@type":"Organization","@id":"https:\/\/razmena.co.rs\/hanan\/#organization","name":"Kovano gvo\u017e\u0111e Hanan, Name\u0161taj od kovanog gvo\u017e\u0111a, Gelenderi kovano gvo\u017e\u0111e","url":"https:\/\/razmena.co.rs\/hanan\/","logo":{"@type":"ImageObject","inLanguage":"sr-RS","@id":"https:\/\/razmena.co.rs\/hanan\/#\/schema\/logo\/image\/","url":"https:\/\/razmena.co.rs\/hanan\/wp-content\/uploads\/2025\/11\/Gemini_Generated_Image_skf42kskf42kskf4.png","contentUrl":"https:\/\/razmena.co.rs\/hanan\/wp-content\/uploads\/2025\/11\/Gemini_Generated_Image_skf42kskf42kskf4.png","width":1024,"height":1024,"caption":"Kovano gvo\u017e\u0111e Hanan, Name\u0161taj od kovanog gvo\u017e\u0111a, Gelenderi kovano gvo\u017e\u0111e"},"image":{"@id":"https:\/\/razmena.co.rs\/hanan\/#\/schema\/logo\/image\/"}}]}},"_links":{"self":[{"href":"https:\/\/razmena.co.rs\/hanan\/wp-json\/wp\/v2\/pages\/26","targetHints":{"allow":["GET"]}}],"collection":[{"href":"https:\/\/razmena.co.rs\/hanan\/wp-json\/wp\/v2\/pages"}],"about":[{"href":"https:\/\/razmena.co.rs\/hanan\/wp-json\/wp\/v2\/types\/page"}],"author":[{"embeddable":true,"href":"https:\/\/razmena.co.rs\/hanan\/wp-json\/wp\/v2\/users\/1"}],"replies":[{"embeddable":true,"href":"https:\/\/razmena.co.rs\/hanan\/wp-json\/wp\/v2\/comments?post=26"}],"version-history":[{"count":41,"href":"https:\/\/razmena.co.rs\/hanan\/wp-json\/wp\/v2\/pages\/26\/revisions"}],"predecessor-version":[{"id":1789,"href":"https:\/\/razmena.co.rs\/hanan\/wp-json\/wp\/v2\/pages\/26\/revisions\/1789"}],"wp:attachment":[{"href":"https:\/\/razmena.co.rs\/hanan\/wp-json\/wp\/v2\/media?parent=26"}],"curies":[{"name":"wp","href":"https:\/\/api.w.org\/{rel}","templated":true}]}}