{"id":953,"date":"2024-06-12T17:01:19","date_gmt":"2024-06-12T15:01:19","guid":{"rendered":"https:\/\/razmena.co.rs\/mojavinarija\/?page_id=953"},"modified":"2025-11-23T20:11:17","modified_gmt":"2025-11-23T19:11:17","slug":"uslovi-koriscenja","status":"publish","type":"page","link":"https:\/\/razmena.co.rs\/hanan\/uslovi-koriscenja\/","title":{"rendered":"Uslovi kori\u0161\u0107enja"},"content":{"rendered":"\t\t<div data-elementor-type=\"wp-page\" data-elementor-id=\"953\" class=\"elementor elementor-953\">\n\t\t\t\t<div class=\"elementor-element elementor-element-8ca0751 e-con-full e-flex e-con e-parent\" data-id=\"8ca0751\" data-element_type=\"container\">\n\t\t<div class=\"elementor-element elementor-element-16d31736 e-con-full e-flex e-con e-child\" data-id=\"16d31736\" data-element_type=\"container\">\n\t\t\t\t<div class=\"elementor-element elementor-element-631dfc65 naslov elementor-widget elementor-widget-text-editor\" data-id=\"631dfc65\" data-element_type=\"widget\" data-widget_type=\"text-editor.default\">\n\t\t\t\t<div class=\"elementor-widget-container\">\n\t\t\t\t\t\t\t<p><strong>Uslovi kori\u0161\u0107enja<\/strong><\/p><p>S obzirom na brojne prilike i opasnosti kojima ste izlo\u017eeni na Internetu, molimo vas da po\u0161tujete op\u0161te Uslove kori\u0161\u0107enja na\u0161eg web-sajta koje smo osmislili za va\u0161u za\u0161titu. Hvala unapred na razumevanju.<\/p><p><strong>1. Li\u010dni podaci<\/strong><br \/>Molimo obratite pa\u017enju na na\u0161u politiku privatnosti koja se odnosi na za\u0161titu li\u010dnih podataka.<\/p><p><strong>2. Izmene Uslova kori\u0161\u0107enja<\/strong><br \/>Zbog \u010destih tehni\u010dkih i zakonskih izmena, postoje\u0107i Uslovi kori\u0161\u0107enja moraju se s vremena na vreme dopunjavati ili a\u017eurirati. Pre svake posete na\u0161em web-sajtu proverite kada je poslednji put stranica a\u017eurirana. Poslednje a\u017euriranje u\u010dinjeno je u Februaru 2025. godine.<\/p><p><strong>3. Autorska prava, za\u0161titni \u017eig i druga prava intelektualne svojine<\/strong><br \/>Sav sadr\u017eaj na\u0161eg web-sajta, uklju\u010duju\u0107i tekstove, slike, grafi\u010dke prezentacije, audio i video-snimke, NA\u0160E je vlasni\u0161tvo, ukoliko druga\u010dije nije izri\u010dito navedeno. Autorski sadr\u017eaj mo\u017ee se bez izri\u010ditog dopu\u0161tenja upotrebljavati samo u privatne, ali ne i u javne ili komercijalne svrhe. Izmene sadr\u017eaja ili prevoda mogu se vr\u0161iti samo uz prethodno pismeno odobrenje kompanije <strong>HANAN<\/strong> BEOGRAD.<br \/>Neovla\u0161\u0107ena upotreba ili zloupotreba bilo kojeg registrovanog logotipa u vlasni\u0161tvu kompanije <strong>HANAN<\/strong> BEOGRAD nije dozvoljena.<br \/>Imajte na umu da svako kr\u0161enje autorskih prava ili prava intelektualne svojine mo\u017ee imati posledice u gra\u0111anskom i\/ili krivi\u010dnom postupku.<\/p><p><strong>4. Odricanje od odgovornosti<\/strong><br \/>Ovo je Internet stranica kompanije <strong>HANAN<\/strong> BEOGRAD. Materijal na ovom sajtu, uklju\u010duju\u0107i proizvode, usluge i informacije, op\u0161teg je karaktera i ne mora biti dostupan, prikladan ili u skladu sa lokalnom jurisdikcijom.<br \/>Informacije na web-sajtu vrlo su pa\u017eljivo prikupljene i proverene. Me\u0111utim, ne snosimo odgovornost za a\u017eurnost, preciznost, potpunost i\/ili kvalitet sajta.<br \/>Ovaj web-sajt sadr\u017ei linkove ka sajtovima drugih provajdera. Kompanija <strong>HANAN<\/strong> BEOGRAD nije upoznata sa sadr\u017eajem web-sajtova tre\u0107ih strana i stoga ne snosi odgovornost za bilo kakav ilegalan sadr\u017eaj ili prekr\u0161aje na tim sajtovima. Kada se utvrdi da odre\u0111eni link ili sadr\u017eaj nije u skladu sa zakonom, bi\u0107e uklonjen u najkra\u0107em roku.<br \/>Ovaj sajt pru\u017ea op\u0161te informacije i ne zamenjuje stru\u010dni savet ili direktne konsultacije. Kompanija <strong>HANAN<\/strong> BEOGRAD ne preuzima odgovornost za postupke zasnovane na informacijama preuzetim sa sajta.<br \/>Upotreba web-sajta i preuzimanje podataka vr\u0161i se na sopstveni rizik korisnika. Kompanija <strong>HANAN<\/strong> BEOGRAD ne preuzima odgovornost za bilo kakvu \u0161tetu na korisni\u010dkim ure\u0111ajima, softveru ili podacima, osim u slu\u010daju namerne ili grube nepa\u017enje.<\/p><p><strong>5. Zavr\u0161ne odredbe<\/strong><br \/>Ukoliko bilo koja odredba Uslova kori\u0161\u0107enja postane neva\u017ee\u0107a ili neprimenjiva, ostale odredbe ostaju na snazi.<br \/>Ukoliko \u017eelite da prijavite kr\u0161enje zakona ili nepravilnosti na na\u0161em web-sajtu, kontaktirajte nas:<\/p><p><strong><strong>HANAN<\/strong> BEOGRAD<\/strong><br \/>Adresa: Despota Stefana 115<br \/>11000 Beograd<br \/>Telefon: 011\/2761-437<br \/>Telefon: 063\/440-007<br \/>Telefon: 063\/287-715<br \/>Email: ivancetkovic@hanan.rs<\/p><p>Radno vreme: Radnim danima od 9 do 17 sati<br \/>Subotom: od 9 do 15 sati<\/p><p><strong>6. Ocene i komentari<\/strong><br \/>Korisnici mogu postavljati ocene i komentare vezane za proizvode na na\u0161em web-sajtu, sve dok su sadr\u017eaji legalni, pristojni, ne sadr\u017ee uvrede, klevete, pretnje, povredu privatnosti, povredu intelektualne svojine ili \u0161tetu tre\u0107im licima; i ne uklju\u010duju viruse, komercijalne oglase, politi\u010dke poruke, lan\u010dana pisma, masovnu po\u0161tu ili bilo koji oblik nepo\u017eeljnih sadr\u017eaja (\u201espam\u201c).<br \/>Kompanija <strong>HANAN<\/strong> BEOGRAD zadr\u017eava pravo da ukloni, izmeni ili odbije objavljivanje takvih sadr\u017eaja.<br \/>Kompanija <strong>HANAN<\/strong> BEOGRAD ne preuzima odgovornost za sadr\u017eaj postavljen od strane korisnika ili tre\u0107ih lica i ne snosi obavezu nadzora nad tim sadr\u017eajem.<\/p>\t\t\t\t\t\t<\/div>\n\t\t\t\t<\/div>\n\t\t\t\t<\/div>\n\t\t\t\t<\/div>\n\t\t<div class=\"elementor-element elementor-element-4af4fd21 e-flex e-con-boxed e-con e-parent\" data-id=\"4af4fd21\" data-element_type=\"container\">\n\t\t\t\t\t<div class=\"e-con-inner\">\n\t\t<div class=\"elementor-element elementor-element-62dee511 e-con-full e-flex e-con e-child\" data-id=\"62dee511\" data-element_type=\"container\">\n\t\t\t\t<\/div>\n\t\t<div class=\"elementor-element elementor-element-7c8a04e4 e-con-full e-flex e-con e-child\" data-id=\"7c8a04e4\" data-element_type=\"container\">\n\t\t\t\t<\/div>\n\t\t\t\t\t<\/div>\n\t\t\t\t<\/div>\n\t\t\t\t<\/div>\n\t\t","protected":false},"excerpt":{"rendered":"<p>Uslovi kori\u0161\u0107enja S obzirom na brojne prilike i opasnosti kojima ste izlo\u017eeni na Internetu, molimo vas da po\u0161tujete op\u0161te Uslove kori\u0161\u0107enja na\u0161eg web-sajta koje smo osmislili za va\u0161u za\u0161titu. Hvala unapred na razumevanju. 1. Li\u010dni podaciMolimo obratite pa\u017enju na na\u0161u politiku privatnosti koja se odnosi na za\u0161titu li\u010dnih podataka. 2. Izmene Uslova kori\u0161\u0107enjaZbog \u010destih tehni\u010dkih i zakonskih izmena, postoje\u0107i Uslovi kori\u0161\u0107enja moraju se s vremena na vreme dopunjavati ili a\u017eurirati. Pre svake posete na\u0161em web-sajtu proverite kada je poslednji put stranica a\u017eurirana. Poslednje a\u017euriranje u\u010dinjeno je u Februaru 2025. godine. 3. Autorska prava, za\u0161titni \u017eig i druga prava intelektualne svojineSav sadr\u017eaj na\u0161eg web-sajta, uklju\u010duju\u0107i tekstove, slike, grafi\u010dke prezentacije, audio i video-snimke, NA\u0160E je vlasni\u0161tvo, ukoliko druga\u010dije nije izri\u010dito navedeno. Autorski sadr\u017eaj mo\u017ee se bez izri\u010ditog dopu\u0161tenja upotrebljavati samo u privatne, ali ne i u javne ili komercijalne svrhe. Izmene sadr\u017eaja ili prevoda mogu se vr\u0161iti samo uz prethodno pismeno odobrenje kompanije HANAN BEOGRAD.Neovla\u0161\u0107ena upotreba ili zloupotreba bilo kojeg registrovanog logotipa u vlasni\u0161tvu kompanije HANAN BEOGRAD nije dozvoljena.Imajte na umu da svako kr\u0161enje autorskih prava ili prava intelektualne svojine mo\u017ee imati posledice u gra\u0111anskom i\/ili krivi\u010dnom postupku. 4. Odricanje od odgovornostiOvo je Internet stranica kompanije HANAN BEOGRAD. Materijal na ovom sajtu, uklju\u010duju\u0107i proizvode, usluge i informacije, op\u0161teg je karaktera i ne mora biti dostupan, prikladan ili u skladu sa lokalnom jurisdikcijom.Informacije na web-sajtu vrlo su pa\u017eljivo prikupljene i proverene. Me\u0111utim, ne snosimo odgovornost za a\u017eurnost, preciznost, potpunost i\/ili kvalitet sajta.Ovaj web-sajt sadr\u017ei linkove ka sajtovima drugih provajdera. Kompanija HANAN BEOGRAD nije upoznata sa sadr\u017eajem web-sajtova tre\u0107ih strana i stoga ne snosi odgovornost za bilo kakav ilegalan sadr\u017eaj ili prekr\u0161aje na tim sajtovima. Kada se utvrdi da odre\u0111eni link ili sadr\u017eaj nije u skladu sa zakonom, bi\u0107e uklonjen u najkra\u0107em roku.Ovaj sajt pru\u017ea op\u0161te informacije i ne zamenjuje stru\u010dni savet ili direktne konsultacije. Kompanija HANAN BEOGRAD ne preuzima odgovornost za postupke zasnovane na informacijama preuzetim sa sajta.Upotreba web-sajta i preuzimanje podataka vr\u0161i se na sopstveni rizik korisnika. Kompanija HANAN BEOGRAD ne preuzima odgovornost za bilo kakvu \u0161tetu na korisni\u010dkim ure\u0111ajima, softveru ili podacima, osim u slu\u010daju namerne ili grube nepa\u017enje. 5. Zavr\u0161ne odredbeUkoliko bilo koja odredba Uslova kori\u0161\u0107enja postane neva\u017ee\u0107a ili neprimenjiva, ostale odredbe ostaju na snazi.Ukoliko \u017eelite da prijavite kr\u0161enje zakona ili nepravilnosti na na\u0161em web-sajtu, kontaktirajte nas: HANAN BEOGRADAdresa: Despota Stefana 11511000 BeogradTelefon: 011\/2761-437Telefon: 063\/440-007Telefon: 063\/287-715Email: ivancetkovic@hanan.rs Radno vreme: Radnim danima od 9 do 17 satiSubotom: od 9 do 15 sati 6. Ocene i komentariKorisnici mogu postavljati ocene i komentare vezane za proizvode na na\u0161em web-sajtu, sve dok su sadr\u017eaji legalni, pristojni, ne sadr\u017ee uvrede, klevete, pretnje, povredu privatnosti, povredu intelektualne svojine ili \u0161tetu tre\u0107im licima; i ne uklju\u010duju viruse, komercijalne oglase, politi\u010dke poruke, lan\u010dana pisma, masovnu po\u0161tu ili bilo koji oblik nepo\u017eeljnih sadr\u017eaja (\u201espam\u201c).Kompanija HANAN BEOGRAD zadr\u017eava pravo da ukloni, izmeni ili odbije objavljivanje takvih sadr\u017eaja.Kompanija HANAN BEOGRAD ne preuzima odgovornost za sadr\u017eaj postavljen od strane korisnika ili tre\u0107ih lica i ne snosi obavezu nadzora nad tim sadr\u017eajem.<\/p>\n","protected":false},"author":1,"featured_media":0,"parent":0,"menu_order":0,"comment_status":"closed","ping_status":"closed","template":"","meta":{"footnotes":""},"class_list":["post-953","page","type-page","status-publish","hentry","post-no-thumbnail"],"yoast_head":"<!-- This site is optimized with the Yoast SEO plugin v26.4 - https:\/\/yoast.com\/wordpress\/plugins\/seo\/ -->\n<title>Uslovi kori\u0161\u0107enja - Kovano gvo\u017e\u0111e \u2013 HANAN<\/title>\n<meta name=\"robots\" content=\"noindex, follow, max-snippet:-1, max-image-preview:large, max-video-preview:-1\" \/>\n<meta property=\"og:locale\" content=\"sr_RS\" \/>\n<meta property=\"og:type\" content=\"article\" \/>\n<meta property=\"og:title\" content=\"Uslovi kori\u0161\u0107enja - Kovano gvo\u017e\u0111e \u2013 HANAN\" \/>\n<meta property=\"og:description\" content=\"Uslovi kori\u0161\u0107enja S obzirom na brojne prilike i opasnosti kojima ste izlo\u017eeni na Internetu, molimo vas da po\u0161tujete op\u0161te Uslove kori\u0161\u0107enja na\u0161eg web-sajta koje smo osmislili za va\u0161u za\u0161titu. Hvala unapred na razumevanju. 1. Li\u010dni podaciMolimo obratite pa\u017enju na na\u0161u politiku privatnosti koja se odnosi na za\u0161titu li\u010dnih podataka. 2. Izmene Uslova kori\u0161\u0107enjaZbog \u010destih tehni\u010dkih i zakonskih izmena, postoje\u0107i Uslovi kori\u0161\u0107enja moraju se s vremena na vreme dopunjavati ili a\u017eurirati. Pre svake posete na\u0161em web-sajtu proverite kada je poslednji put stranica a\u017eurirana. Poslednje a\u017euriranje u\u010dinjeno je u Februaru 2025. godine. 3. Autorska prava, za\u0161titni \u017eig i druga prava intelektualne svojineSav sadr\u017eaj na\u0161eg web-sajta, uklju\u010duju\u0107i tekstove, slike, grafi\u010dke prezentacije, audio i video-snimke, NA\u0160E je vlasni\u0161tvo, ukoliko druga\u010dije nije izri\u010dito navedeno. Autorski sadr\u017eaj mo\u017ee se bez izri\u010ditog dopu\u0161tenja upotrebljavati samo u privatne, ali ne i u javne ili komercijalne svrhe. Izmene sadr\u017eaja ili prevoda mogu se vr\u0161iti samo uz prethodno pismeno odobrenje kompanije HANAN BEOGRAD.Neovla\u0161\u0107ena upotreba ili zloupotreba bilo kojeg registrovanog logotipa u vlasni\u0161tvu kompanije HANAN BEOGRAD nije dozvoljena.Imajte na umu da svako kr\u0161enje autorskih prava ili prava intelektualne svojine mo\u017ee imati posledice u gra\u0111anskom i\/ili krivi\u010dnom postupku. 4. Odricanje od odgovornostiOvo je Internet stranica kompanije HANAN BEOGRAD. Materijal na ovom sajtu, uklju\u010duju\u0107i proizvode, usluge i informacije, op\u0161teg je karaktera i ne mora biti dostupan, prikladan ili u skladu sa lokalnom jurisdikcijom.Informacije na web-sajtu vrlo su pa\u017eljivo prikupljene i proverene. Me\u0111utim, ne snosimo odgovornost za a\u017eurnost, preciznost, potpunost i\/ili kvalitet sajta.Ovaj web-sajt sadr\u017ei linkove ka sajtovima drugih provajdera. Kompanija HANAN BEOGRAD nije upoznata sa sadr\u017eajem web-sajtova tre\u0107ih strana i stoga ne snosi odgovornost za bilo kakav ilegalan sadr\u017eaj ili prekr\u0161aje na tim sajtovima. Kada se utvrdi da odre\u0111eni link ili sadr\u017eaj nije u skladu sa zakonom, bi\u0107e uklonjen u najkra\u0107em roku.Ovaj sajt pru\u017ea op\u0161te informacije i ne zamenjuje stru\u010dni savet ili direktne konsultacije. Kompanija HANAN BEOGRAD ne preuzima odgovornost za postupke zasnovane na informacijama preuzetim sa sajta.Upotreba web-sajta i preuzimanje podataka vr\u0161i se na sopstveni rizik korisnika. Kompanija HANAN BEOGRAD ne preuzima odgovornost za bilo kakvu \u0161tetu na korisni\u010dkim ure\u0111ajima, softveru ili podacima, osim u slu\u010daju namerne ili grube nepa\u017enje. 5. Zavr\u0161ne odredbeUkoliko bilo koja odredba Uslova kori\u0161\u0107enja postane neva\u017ee\u0107a ili neprimenjiva, ostale odredbe ostaju na snazi.Ukoliko \u017eelite da prijavite kr\u0161enje zakona ili nepravilnosti na na\u0161em web-sajtu, kontaktirajte nas: HANAN BEOGRADAdresa: Despota Stefana 11511000 BeogradTelefon: 011\/2761-437Telefon: 063\/440-007Telefon: 063\/287-715Email: ivancetkovic@hanan.rs Radno vreme: Radnim danima od 9 do 17 satiSubotom: od 9 do 15 sati 6. Ocene i komentariKorisnici mogu postavljati ocene i komentare vezane za proizvode na na\u0161em web-sajtu, sve dok su sadr\u017eaji legalni, pristojni, ne sadr\u017ee uvrede, klevete, pretnje, povredu privatnosti, povredu intelektualne svojine ili \u0161tetu tre\u0107im licima; i ne uklju\u010duju viruse, komercijalne oglase, politi\u010dke poruke, lan\u010dana pisma, masovnu po\u0161tu ili bilo koji oblik nepo\u017eeljnih sadr\u017eaja (\u201espam\u201c).Kompanija HANAN BEOGRAD zadr\u017eava pravo da ukloni, izmeni ili odbije objavljivanje takvih sadr\u017eaja.Kompanija HANAN BEOGRAD ne preuzima odgovornost za sadr\u017eaj postavljen od strane korisnika ili tre\u0107ih lica i ne snosi obavezu nadzora nad tim sadr\u017eajem.\" \/>\n<meta property=\"og:url\" content=\"https:\/\/razmena.co.rs\/hanan\/uslovi-koriscenja\/\" \/>\n<meta property=\"og:site_name\" content=\"Kovano gvo\u017e\u0111e \u2013 HANAN\" \/>\n<meta property=\"article:modified_time\" content=\"2025-11-23T19:11:17+00:00\" \/>\n<meta property=\"og:image\" content=\"https:\/\/razmena.co.rs\/hanan\/wp-content\/uploads\/2025\/11\/Gemini_Generated_Image_skf42kskf42kskf4.png\" \/>\n\t<meta property=\"og:image:width\" content=\"1024\" \/>\n\t<meta property=\"og:image:height\" content=\"1024\" \/>\n\t<meta property=\"og:image:type\" content=\"image\/png\" \/>\n<meta name=\"twitter:card\" content=\"summary_large_image\" \/>\n<meta name=\"twitter:label1\" content=\"Procenjeno vreme \u010ditanja\" \/>\n\t<meta name=\"twitter:data1\" content=\"3 minuta\" \/>\n<script type=\"application\/ld+json\" class=\"yoast-schema-graph\">{\"@context\":\"https:\/\/schema.org\",\"@graph\":[{\"@type\":\"WebPage\",\"@id\":\"https:\/\/razmena.co.rs\/hanan\/uslovi-koriscenja\/\",\"url\":\"https:\/\/razmena.co.rs\/hanan\/uslovi-koriscenja\/\",\"name\":\"Uslovi kori\u0161\u0107enja - Kovano gvo\u017e\u0111e \u2013 HANAN\",\"isPartOf\":{\"@id\":\"https:\/\/razmena.co.rs\/hanan\/#website\"},\"datePublished\":\"2024-06-12T15:01:19+00:00\",\"dateModified\":\"2025-11-23T19:11:17+00:00\",\"breadcrumb\":{\"@id\":\"https:\/\/razmena.co.rs\/hanan\/uslovi-koriscenja\/#breadcrumb\"},\"inLanguage\":\"sr-RS\",\"potentialAction\":[{\"@type\":\"ReadAction\",\"target\":[\"https:\/\/razmena.co.rs\/hanan\/uslovi-koriscenja\/\"]}]},{\"@type\":\"BreadcrumbList\",\"@id\":\"https:\/\/razmena.co.rs\/hanan\/uslovi-koriscenja\/#breadcrumb\",\"itemListElement\":[{\"@type\":\"ListItem\",\"position\":1,\"name\":\"Po\u010detna\",\"item\":\"https:\/\/razmena.co.rs\/hanan\/\"},{\"@type\":\"ListItem\",\"position\":2,\"name\":\"Uslovi kori\u0161\u0107enja\"}]},{\"@type\":\"WebSite\",\"@id\":\"https:\/\/razmena.co.rs\/hanan\/#website\",\"url\":\"https:\/\/razmena.co.rs\/hanan\/\",\"name\":\"Kovano gvo\u017e\u0111e Hanan, Name\u0161taj od kovanog gvo\u017e\u0111a, Gelenderi kovano gvo\u017e\u0111e\",\"description\":\"Kovano gvo\u017e\u0111e Hanan, Name\u0161taj od kovanog gvo\u017e\u0111a, Gelenderi kovano gvo\u017e\u0111e\",\"publisher\":{\"@id\":\"https:\/\/razmena.co.rs\/hanan\/#organization\"},\"potentialAction\":[{\"@type\":\"SearchAction\",\"target\":{\"@type\":\"EntryPoint\",\"urlTemplate\":\"https:\/\/razmena.co.rs\/hanan\/?s={search_term_string}\"},\"query-input\":{\"@type\":\"PropertyValueSpecification\",\"valueRequired\":true,\"valueName\":\"search_term_string\"}}],\"inLanguage\":\"sr-RS\"},{\"@type\":\"Organization\",\"@id\":\"https:\/\/razmena.co.rs\/hanan\/#organization\",\"name\":\"Kovano gvo\u017e\u0111e Hanan, Name\u0161taj od kovanog gvo\u017e\u0111a, Gelenderi kovano gvo\u017e\u0111e\",\"url\":\"https:\/\/razmena.co.rs\/hanan\/\",\"logo\":{\"@type\":\"ImageObject\",\"inLanguage\":\"sr-RS\",\"@id\":\"https:\/\/razmena.co.rs\/hanan\/#\/schema\/logo\/image\/\",\"url\":\"https:\/\/razmena.co.rs\/hanan\/wp-content\/uploads\/2025\/11\/Gemini_Generated_Image_skf42kskf42kskf4.png\",\"contentUrl\":\"https:\/\/razmena.co.rs\/hanan\/wp-content\/uploads\/2025\/11\/Gemini_Generated_Image_skf42kskf42kskf4.png\",\"width\":1024,\"height\":1024,\"caption\":\"Kovano gvo\u017e\u0111e Hanan, Name\u0161taj od kovanog gvo\u017e\u0111a, Gelenderi kovano gvo\u017e\u0111e\"},\"image\":{\"@id\":\"https:\/\/razmena.co.rs\/hanan\/#\/schema\/logo\/image\/\"}}]}<\/script>\n<!-- \/ Yoast SEO plugin. -->","yoast_head_json":{"title":"Uslovi kori\u0161\u0107enja - Kovano gvo\u017e\u0111e \u2013 HANAN","robots":{"index":"noindex","follow":"follow","max-snippet":"max-snippet:-1","max-image-preview":"max-image-preview:large","max-video-preview":"max-video-preview:-1"},"og_locale":"sr_RS","og_type":"article","og_title":"Uslovi kori\u0161\u0107enja - Kovano gvo\u017e\u0111e \u2013 HANAN","og_description":"Uslovi kori\u0161\u0107enja S obzirom na brojne prilike i opasnosti kojima ste izlo\u017eeni na Internetu, molimo vas da po\u0161tujete op\u0161te Uslove kori\u0161\u0107enja na\u0161eg web-sajta koje smo osmislili za va\u0161u za\u0161titu. Hvala unapred na razumevanju. 1. Li\u010dni podaciMolimo obratite pa\u017enju na na\u0161u politiku privatnosti koja se odnosi na za\u0161titu li\u010dnih podataka. 2. Izmene Uslova kori\u0161\u0107enjaZbog \u010destih tehni\u010dkih i zakonskih izmena, postoje\u0107i Uslovi kori\u0161\u0107enja moraju se s vremena na vreme dopunjavati ili a\u017eurirati. Pre svake posete na\u0161em web-sajtu proverite kada je poslednji put stranica a\u017eurirana. Poslednje a\u017euriranje u\u010dinjeno je u Februaru 2025. godine. 3. Autorska prava, za\u0161titni \u017eig i druga prava intelektualne svojineSav sadr\u017eaj na\u0161eg web-sajta, uklju\u010duju\u0107i tekstove, slike, grafi\u010dke prezentacije, audio i video-snimke, NA\u0160E je vlasni\u0161tvo, ukoliko druga\u010dije nije izri\u010dito navedeno. Autorski sadr\u017eaj mo\u017ee se bez izri\u010ditog dopu\u0161tenja upotrebljavati samo u privatne, ali ne i u javne ili komercijalne svrhe. Izmene sadr\u017eaja ili prevoda mogu se vr\u0161iti samo uz prethodno pismeno odobrenje kompanije HANAN BEOGRAD.Neovla\u0161\u0107ena upotreba ili zloupotreba bilo kojeg registrovanog logotipa u vlasni\u0161tvu kompanije HANAN BEOGRAD nije dozvoljena.Imajte na umu da svako kr\u0161enje autorskih prava ili prava intelektualne svojine mo\u017ee imati posledice u gra\u0111anskom i\/ili krivi\u010dnom postupku. 4. Odricanje od odgovornostiOvo je Internet stranica kompanije HANAN BEOGRAD. Materijal na ovom sajtu, uklju\u010duju\u0107i proizvode, usluge i informacije, op\u0161teg je karaktera i ne mora biti dostupan, prikladan ili u skladu sa lokalnom jurisdikcijom.Informacije na web-sajtu vrlo su pa\u017eljivo prikupljene i proverene. Me\u0111utim, ne snosimo odgovornost za a\u017eurnost, preciznost, potpunost i\/ili kvalitet sajta.Ovaj web-sajt sadr\u017ei linkove ka sajtovima drugih provajdera. Kompanija HANAN BEOGRAD nije upoznata sa sadr\u017eajem web-sajtova tre\u0107ih strana i stoga ne snosi odgovornost za bilo kakav ilegalan sadr\u017eaj ili prekr\u0161aje na tim sajtovima. Kada se utvrdi da odre\u0111eni link ili sadr\u017eaj nije u skladu sa zakonom, bi\u0107e uklonjen u najkra\u0107em roku.Ovaj sajt pru\u017ea op\u0161te informacije i ne zamenjuje stru\u010dni savet ili direktne konsultacije. Kompanija HANAN BEOGRAD ne preuzima odgovornost za postupke zasnovane na informacijama preuzetim sa sajta.Upotreba web-sajta i preuzimanje podataka vr\u0161i se na sopstveni rizik korisnika. Kompanija HANAN BEOGRAD ne preuzima odgovornost za bilo kakvu \u0161tetu na korisni\u010dkim ure\u0111ajima, softveru ili podacima, osim u slu\u010daju namerne ili grube nepa\u017enje. 5. Zavr\u0161ne odredbeUkoliko bilo koja odredba Uslova kori\u0161\u0107enja postane neva\u017ee\u0107a ili neprimenjiva, ostale odredbe ostaju na snazi.Ukoliko \u017eelite da prijavite kr\u0161enje zakona ili nepravilnosti na na\u0161em web-sajtu, kontaktirajte nas: HANAN BEOGRADAdresa: Despota Stefana 11511000 BeogradTelefon: 011\/2761-437Telefon: 063\/440-007Telefon: 063\/287-715Email: ivancetkovic@hanan.rs Radno vreme: Radnim danima od 9 do 17 satiSubotom: od 9 do 15 sati 6. Ocene i komentariKorisnici mogu postavljati ocene i komentare vezane za proizvode na na\u0161em web-sajtu, sve dok su sadr\u017eaji legalni, pristojni, ne sadr\u017ee uvrede, klevete, pretnje, povredu privatnosti, povredu intelektualne svojine ili \u0161tetu tre\u0107im licima; i ne uklju\u010duju viruse, komercijalne oglase, politi\u010dke poruke, lan\u010dana pisma, masovnu po\u0161tu ili bilo koji oblik nepo\u017eeljnih sadr\u017eaja (\u201espam\u201c).Kompanija HANAN BEOGRAD zadr\u017eava pravo da ukloni, izmeni ili odbije objavljivanje takvih sadr\u017eaja.Kompanija HANAN BEOGRAD ne preuzima odgovornost za sadr\u017eaj postavljen od strane korisnika ili tre\u0107ih lica i ne snosi obavezu nadzora nad tim sadr\u017eajem.","og_url":"https:\/\/razmena.co.rs\/hanan\/uslovi-koriscenja\/","og_site_name":"Kovano gvo\u017e\u0111e \u2013 HANAN","article_modified_time":"2025-11-23T19:11:17+00:00","og_image":[{"width":1024,"height":1024,"url":"https:\/\/razmena.co.rs\/hanan\/wp-content\/uploads\/2025\/11\/Gemini_Generated_Image_skf42kskf42kskf4.png","type":"image\/png"}],"twitter_card":"summary_large_image","twitter_misc":{"Procenjeno vreme \u010ditanja":"3 minuta"},"schema":{"@context":"https:\/\/schema.org","@graph":[{"@type":"WebPage","@id":"https:\/\/razmena.co.rs\/hanan\/uslovi-koriscenja\/","url":"https:\/\/razmena.co.rs\/hanan\/uslovi-koriscenja\/","name":"Uslovi kori\u0161\u0107enja - Kovano gvo\u017e\u0111e \u2013 HANAN","isPartOf":{"@id":"https:\/\/razmena.co.rs\/hanan\/#website"},"datePublished":"2024-06-12T15:01:19+00:00","dateModified":"2025-11-23T19:11:17+00:00","breadcrumb":{"@id":"https:\/\/razmena.co.rs\/hanan\/uslovi-koriscenja\/#breadcrumb"},"inLanguage":"sr-RS","potentialAction":[{"@type":"ReadAction","target":["https:\/\/razmena.co.rs\/hanan\/uslovi-koriscenja\/"]}]},{"@type":"BreadcrumbList","@id":"https:\/\/razmena.co.rs\/hanan\/uslovi-koriscenja\/#breadcrumb","itemListElement":[{"@type":"ListItem","position":1,"name":"Po\u010detna","item":"https:\/\/razmena.co.rs\/hanan\/"},{"@type":"ListItem","position":2,"name":"Uslovi kori\u0161\u0107enja"}]},{"@type":"WebSite","@id":"https:\/\/razmena.co.rs\/hanan\/#website","url":"https:\/\/razmena.co.rs\/hanan\/","name":"Kovano gvo\u017e\u0111e Hanan, Name\u0161taj od kovanog gvo\u017e\u0111a, Gelenderi kovano gvo\u017e\u0111e","description":"Kovano gvo\u017e\u0111e Hanan, Name\u0161taj od kovanog gvo\u017e\u0111a, Gelenderi kovano gvo\u017e\u0111e","publisher":{"@id":"https:\/\/razmena.co.rs\/hanan\/#organization"},"potentialAction":[{"@type":"SearchAction","target":{"@type":"EntryPoint","urlTemplate":"https:\/\/razmena.co.rs\/hanan\/?s={search_term_string}"},"query-input":{"@type":"PropertyValueSpecification","valueRequired":true,"valueName":"search_term_string"}}],"inLanguage":"sr-RS"},{"@type":"Organization","@id":"https:\/\/razmena.co.rs\/hanan\/#organization","name":"Kovano gvo\u017e\u0111e Hanan, Name\u0161taj od kovanog gvo\u017e\u0111a, Gelenderi kovano gvo\u017e\u0111e","url":"https:\/\/razmena.co.rs\/hanan\/","logo":{"@type":"ImageObject","inLanguage":"sr-RS","@id":"https:\/\/razmena.co.rs\/hanan\/#\/schema\/logo\/image\/","url":"https:\/\/razmena.co.rs\/hanan\/wp-content\/uploads\/2025\/11\/Gemini_Generated_Image_skf42kskf42kskf4.png","contentUrl":"https:\/\/razmena.co.rs\/hanan\/wp-content\/uploads\/2025\/11\/Gemini_Generated_Image_skf42kskf42kskf4.png","width":1024,"height":1024,"caption":"Kovano gvo\u017e\u0111e Hanan, Name\u0161taj od kovanog gvo\u017e\u0111a, Gelenderi kovano gvo\u017e\u0111e"},"image":{"@id":"https:\/\/razmena.co.rs\/hanan\/#\/schema\/logo\/image\/"}}]}},"_links":{"self":[{"href":"https:\/\/razmena.co.rs\/hanan\/wp-json\/wp\/v2\/pages\/953","targetHints":{"allow":["GET"]}}],"collection":[{"href":"https:\/\/razmena.co.rs\/hanan\/wp-json\/wp\/v2\/pages"}],"about":[{"href":"https:\/\/razmena.co.rs\/hanan\/wp-json\/wp\/v2\/types\/page"}],"author":[{"embeddable":true,"href":"https:\/\/razmena.co.rs\/hanan\/wp-json\/wp\/v2\/users\/1"}],"replies":[{"embeddable":true,"href":"https:\/\/razmena.co.rs\/hanan\/wp-json\/wp\/v2\/comments?post=953"}],"version-history":[{"count":13,"href":"https:\/\/razmena.co.rs\/hanan\/wp-json\/wp\/v2\/pages\/953\/revisions"}],"predecessor-version":[{"id":1845,"href":"https:\/\/razmena.co.rs\/hanan\/wp-json\/wp\/v2\/pages\/953\/revisions\/1845"}],"wp:attachment":[{"href":"https:\/\/razmena.co.rs\/hanan\/wp-json\/wp\/v2\/media?parent=953"}],"curies":[{"name":"wp","href":"https:\/\/api.w.org\/{rel}","templated":true}]}}