{"id":1702,"date":"2025-05-12T13:45:04","date_gmt":"2025-05-12T11:45:04","guid":{"rendered":"https:\/\/sigurnosnavrata-enter.rs\/?post_type=product&#038;p=1702"},"modified":"2025-11-24T00:10:50","modified_gmt":"2025-11-23T23:10:50","slug":"gelenderi-od-kovanog-gvozdja","status":"publish","type":"product","link":"https:\/\/razmena.co.rs\/hanan\/proizvod\/gelenderi-od-kovanog-gvozdja\/","title":{"rendered":"Gelenderi od kovanog gvo\u017e\u0111a"},"content":{"rendered":"<p>Lorem ipsum dolor sit amet, consectetur adipiscing elit. Quisque mi augue, molestie ut nibh ut, viverra tristique urna. Duis eu diam ut metus aliquam aliquam nec id eros. Donec et elementum tortor. Curabitur eget nunc fermentum, blandit quam quis, vulputate arcu. Quisque at commodo lectus, quis efficitur sem. Sed pretium suscipit tortor, ut bibendum odio egestas vitae. Curabitur ut sapien lectus. Maecenas vitae tincidunt est. Maecenas quis neque a quam pulvinar consequat nec eu ligula. Nullam vel pharetra nisi.<\/p>\n<p>Phasellus pharetra, augue in tristique consectetur, urna massa imperdiet turpis, nec venenatis odio velit vitae mauris. Vivamus nec arcu fringilla, feugiat mauris a, vehicula diam. Nunc auctor lorem vulputate, blandit quam id, facilisis lectus. Nunc et efficitur turpis. Maecenas sit amet risus pulvinar, congue purus sed, ornare urna. Nam tempus nisl quam, quis pellentesque odio consequat eu. In hac habitasse platea dictumst. Nam lobortis erat vitae ligula pellentesque suscipit vitae eu lorem. Integer massa lacus, vulputate sit amet tristique at, condimentum ac mauris.<\/p>\n","protected":false},"excerpt":{"rendered":"<p>Phasellus pharetra, augue in tristique consectetur, urna massa imperdiet turpis, nec venenatis odio velit vitae mauris. Vivamus nec arcu fringilla, feugiat mauris a, vehicula diam. Nunc auctor lorem vulputate, blandit quam id, facilisis lectus. Nunc et efficitur turpis. Maecenas sit amet risus pulvinar, congue purus sed, ornare urna. Nam tempus nisl quam, quis pellentesque odio consequat eu. In hac habitasse platea dictumst. Nam lobortis erat vitae ligula pellentesque suscipit vitae eu lorem. Integer massa lacus, vulputate sit amet tristique at, condimentum ac mauris.<\/p>\n","protected":false},"featured_media":1918,"template":"","meta":[],"product_brand":[],"product_cat":[37],"product_tag":[],"class_list":{"0":"post-1702","1":"product","2":"type-product","3":"status-publish","4":"has-post-thumbnail","6":"product_cat-gelenderi-od-kovanog-gvozdja","8":"first","9":"instock","10":"shipping-taxable","11":"product-type-external"},"yoast_head":"<!-- This site is optimized with the Yoast SEO plugin v26.4 - https:\/\/yoast.com\/wordpress\/plugins\/seo\/ -->\n<title>Gelenderi od kovanog gvo\u017e\u0111a - Kovano gvo\u017e\u0111e \u2013 HANAN<\/title>\n<meta name=\"robots\" content=\"noindex, follow, max-snippet:-1, max-image-preview:large, max-video-preview:-1\" \/>\n<meta property=\"og:locale\" content=\"sr_RS\" \/>\n<meta property=\"og:type\" content=\"article\" \/>\n<meta property=\"og:title\" content=\"Gelenderi od kovanog gvo\u017e\u0111a - Kovano gvo\u017e\u0111e \u2013 HANAN\" \/>\n<meta property=\"og:description\" content=\"Phasellus pharetra, augue in tristique consectetur, urna massa imperdiet turpis, nec venenatis odio velit vitae mauris. Vivamus nec arcu fringilla, feugiat mauris a, vehicula diam. Nunc auctor lorem vulputate, blandit quam id, facilisis lectus. Nunc et efficitur turpis. Maecenas sit amet risus pulvinar, congue purus sed, ornare urna. Nam tempus nisl quam, quis pellentesque odio consequat eu. In hac habitasse platea dictumst. Nam lobortis erat vitae ligula pellentesque suscipit vitae eu lorem. Integer massa lacus, vulputate sit amet tristique at, condimentum ac mauris.\" \/>\n<meta property=\"og:url\" content=\"https:\/\/razmena.co.rs\/hanan\/proizvod\/gelenderi-od-kovanog-gvozdja\/\" \/>\n<meta property=\"og:site_name\" content=\"Kovano gvo\u017e\u0111e \u2013 HANAN\" \/>\n<meta property=\"article:modified_time\" content=\"2025-11-23T23:10:50+00:00\" \/>\n<meta property=\"og:image\" content=\"https:\/\/razmena.co.rs\/hanan\/wp-content\/uploads\/2025\/05\/3000-kodlu-ferforje-merdiven-db39.jpg\" \/>\n\t<meta property=\"og:image:width\" content=\"560\" \/>\n\t<meta property=\"og:image:height\" content=\"560\" \/>\n\t<meta property=\"og:image:type\" content=\"image\/jpeg\" \/>\n<meta name=\"twitter:card\" content=\"summary_large_image\" \/>\n<meta name=\"twitter:label1\" content=\"Procenjeno vreme \u010ditanja\" \/>\n\t<meta name=\"twitter:data1\" content=\"2 minuta\" \/>\n<script type=\"application\/ld+json\" class=\"yoast-schema-graph\">{\"@context\":\"https:\/\/schema.org\",\"@graph\":[{\"@type\":\"WebPage\",\"@id\":\"https:\/\/razmena.co.rs\/hanan\/proizvod\/gelenderi-od-kovanog-gvozdja\/\",\"url\":\"https:\/\/razmena.co.rs\/hanan\/proizvod\/gelenderi-od-kovanog-gvozdja\/\",\"name\":\"Gelenderi od kovanog gvo\u017e\u0111a - Kovano gvo\u017e\u0111e \u2013 HANAN\",\"isPartOf\":{\"@id\":\"https:\/\/razmena.co.rs\/hanan\/#website\"},\"primaryImageOfPage\":{\"@id\":\"https:\/\/razmena.co.rs\/hanan\/proizvod\/gelenderi-od-kovanog-gvozdja\/#primaryimage\"},\"image\":{\"@id\":\"https:\/\/razmena.co.rs\/hanan\/proizvod\/gelenderi-od-kovanog-gvozdja\/#primaryimage\"},\"thumbnailUrl\":\"https:\/\/razmena.co.rs\/hanan\/wp-content\/uploads\/2025\/05\/3000-kodlu-ferforje-merdiven-db39.jpg\",\"datePublished\":\"2025-05-12T11:45:04+00:00\",\"dateModified\":\"2025-11-23T23:10:50+00:00\",\"breadcrumb\":{\"@id\":\"https:\/\/razmena.co.rs\/hanan\/proizvod\/gelenderi-od-kovanog-gvozdja\/#breadcrumb\"},\"inLanguage\":\"sr-RS\",\"potentialAction\":[{\"@type\":\"ReadAction\",\"target\":[\"https:\/\/razmena.co.rs\/hanan\/proizvod\/gelenderi-od-kovanog-gvozdja\/\"]}]},{\"@type\":\"ImageObject\",\"inLanguage\":\"sr-RS\",\"@id\":\"https:\/\/razmena.co.rs\/hanan\/proizvod\/gelenderi-od-kovanog-gvozdja\/#primaryimage\",\"url\":\"https:\/\/razmena.co.rs\/hanan\/wp-content\/uploads\/2025\/05\/3000-kodlu-ferforje-merdiven-db39.jpg\",\"contentUrl\":\"https:\/\/razmena.co.rs\/hanan\/wp-content\/uploads\/2025\/05\/3000-kodlu-ferforje-merdiven-db39.jpg\",\"width\":560,\"height\":560},{\"@type\":\"BreadcrumbList\",\"@id\":\"https:\/\/razmena.co.rs\/hanan\/proizvod\/gelenderi-od-kovanog-gvozdja\/#breadcrumb\",\"itemListElement\":[{\"@type\":\"ListItem\",\"position\":1,\"name\":\"Po\u010detna\",\"item\":\"https:\/\/razmena.co.rs\/hanan\/\"},{\"@type\":\"ListItem\",\"position\":2,\"name\":\"Shop\",\"item\":\"https:\/\/razmena.co.rs\/hanan\/shop\/\"},{\"@type\":\"ListItem\",\"position\":3,\"name\":\"Gelenderi od kovanog gvo\u017e\u0111a\"}]},{\"@type\":\"WebSite\",\"@id\":\"https:\/\/razmena.co.rs\/hanan\/#website\",\"url\":\"https:\/\/razmena.co.rs\/hanan\/\",\"name\":\"Kovano gvo\u017e\u0111e Hanan, Name\u0161taj od kovanog gvo\u017e\u0111a, Gelenderi kovano gvo\u017e\u0111e\",\"description\":\"Kovano gvo\u017e\u0111e Hanan, Name\u0161taj od kovanog gvo\u017e\u0111a, Gelenderi kovano gvo\u017e\u0111e\",\"publisher\":{\"@id\":\"https:\/\/razmena.co.rs\/hanan\/#organization\"},\"potentialAction\":[{\"@type\":\"SearchAction\",\"target\":{\"@type\":\"EntryPoint\",\"urlTemplate\":\"https:\/\/razmena.co.rs\/hanan\/?s={search_term_string}\"},\"query-input\":{\"@type\":\"PropertyValueSpecification\",\"valueRequired\":true,\"valueName\":\"search_term_string\"}}],\"inLanguage\":\"sr-RS\"},{\"@type\":\"Organization\",\"@id\":\"https:\/\/razmena.co.rs\/hanan\/#organization\",\"name\":\"Kovano gvo\u017e\u0111e Hanan, Name\u0161taj od kovanog gvo\u017e\u0111a, Gelenderi kovano gvo\u017e\u0111e\",\"url\":\"https:\/\/razmena.co.rs\/hanan\/\",\"logo\":{\"@type\":\"ImageObject\",\"inLanguage\":\"sr-RS\",\"@id\":\"https:\/\/razmena.co.rs\/hanan\/#\/schema\/logo\/image\/\",\"url\":\"https:\/\/razmena.co.rs\/hanan\/wp-content\/uploads\/2025\/11\/Gemini_Generated_Image_skf42kskf42kskf4.png\",\"contentUrl\":\"https:\/\/razmena.co.rs\/hanan\/wp-content\/uploads\/2025\/11\/Gemini_Generated_Image_skf42kskf42kskf4.png\",\"width\":1024,\"height\":1024,\"caption\":\"Kovano gvo\u017e\u0111e Hanan, Name\u0161taj od kovanog gvo\u017e\u0111a, Gelenderi kovano gvo\u017e\u0111e\"},\"image\":{\"@id\":\"https:\/\/razmena.co.rs\/hanan\/#\/schema\/logo\/image\/\"}}]}<\/script>\n<!-- \/ Yoast SEO plugin. -->","yoast_head_json":{"title":"Gelenderi od kovanog gvo\u017e\u0111a - Kovano gvo\u017e\u0111e \u2013 HANAN","robots":{"index":"noindex","follow":"follow","max-snippet":"max-snippet:-1","max-image-preview":"max-image-preview:large","max-video-preview":"max-video-preview:-1"},"og_locale":"sr_RS","og_type":"article","og_title":"Gelenderi od kovanog gvo\u017e\u0111a - Kovano gvo\u017e\u0111e \u2013 HANAN","og_description":"Phasellus pharetra, augue in tristique consectetur, urna massa imperdiet turpis, nec venenatis odio velit vitae mauris. Vivamus nec arcu fringilla, feugiat mauris a, vehicula diam. Nunc auctor lorem vulputate, blandit quam id, facilisis lectus. Nunc et efficitur turpis. Maecenas sit amet risus pulvinar, congue purus sed, ornare urna. Nam tempus nisl quam, quis pellentesque odio consequat eu. In hac habitasse platea dictumst. Nam lobortis erat vitae ligula pellentesque suscipit vitae eu lorem. Integer massa lacus, vulputate sit amet tristique at, condimentum ac mauris.","og_url":"https:\/\/razmena.co.rs\/hanan\/proizvod\/gelenderi-od-kovanog-gvozdja\/","og_site_name":"Kovano gvo\u017e\u0111e \u2013 HANAN","article_modified_time":"2025-11-23T23:10:50+00:00","og_image":[{"width":560,"height":560,"url":"https:\/\/razmena.co.rs\/hanan\/wp-content\/uploads\/2025\/05\/3000-kodlu-ferforje-merdiven-db39.jpg","type":"image\/jpeg"}],"twitter_card":"summary_large_image","twitter_misc":{"Procenjeno vreme \u010ditanja":"2 minuta"},"schema":{"@context":"https:\/\/schema.org","@graph":[{"@type":"WebPage","@id":"https:\/\/razmena.co.rs\/hanan\/proizvod\/gelenderi-od-kovanog-gvozdja\/","url":"https:\/\/razmena.co.rs\/hanan\/proizvod\/gelenderi-od-kovanog-gvozdja\/","name":"Gelenderi od kovanog gvo\u017e\u0111a - Kovano gvo\u017e\u0111e \u2013 HANAN","isPartOf":{"@id":"https:\/\/razmena.co.rs\/hanan\/#website"},"primaryImageOfPage":{"@id":"https:\/\/razmena.co.rs\/hanan\/proizvod\/gelenderi-od-kovanog-gvozdja\/#primaryimage"},"image":{"@id":"https:\/\/razmena.co.rs\/hanan\/proizvod\/gelenderi-od-kovanog-gvozdja\/#primaryimage"},"thumbnailUrl":"https:\/\/razmena.co.rs\/hanan\/wp-content\/uploads\/2025\/05\/3000-kodlu-ferforje-merdiven-db39.jpg","datePublished":"2025-05-12T11:45:04+00:00","dateModified":"2025-11-23T23:10:50+00:00","breadcrumb":{"@id":"https:\/\/razmena.co.rs\/hanan\/proizvod\/gelenderi-od-kovanog-gvozdja\/#breadcrumb"},"inLanguage":"sr-RS","potentialAction":[{"@type":"ReadAction","target":["https:\/\/razmena.co.rs\/hanan\/proizvod\/gelenderi-od-kovanog-gvozdja\/"]}]},{"@type":"ImageObject","inLanguage":"sr-RS","@id":"https:\/\/razmena.co.rs\/hanan\/proizvod\/gelenderi-od-kovanog-gvozdja\/#primaryimage","url":"https:\/\/razmena.co.rs\/hanan\/wp-content\/uploads\/2025\/05\/3000-kodlu-ferforje-merdiven-db39.jpg","contentUrl":"https:\/\/razmena.co.rs\/hanan\/wp-content\/uploads\/2025\/05\/3000-kodlu-ferforje-merdiven-db39.jpg","width":560,"height":560},{"@type":"BreadcrumbList","@id":"https:\/\/razmena.co.rs\/hanan\/proizvod\/gelenderi-od-kovanog-gvozdja\/#breadcrumb","itemListElement":[{"@type":"ListItem","position":1,"name":"Po\u010detna","item":"https:\/\/razmena.co.rs\/hanan\/"},{"@type":"ListItem","position":2,"name":"Shop","item":"https:\/\/razmena.co.rs\/hanan\/shop\/"},{"@type":"ListItem","position":3,"name":"Gelenderi od kovanog gvo\u017e\u0111a"}]},{"@type":"WebSite","@id":"https:\/\/razmena.co.rs\/hanan\/#website","url":"https:\/\/razmena.co.rs\/hanan\/","name":"Kovano gvo\u017e\u0111e Hanan, Name\u0161taj od kovanog gvo\u017e\u0111a, Gelenderi kovano gvo\u017e\u0111e","description":"Kovano gvo\u017e\u0111e Hanan, Name\u0161taj od kovanog gvo\u017e\u0111a, Gelenderi kovano gvo\u017e\u0111e","publisher":{"@id":"https:\/\/razmena.co.rs\/hanan\/#organization"},"potentialAction":[{"@type":"SearchAction","target":{"@type":"EntryPoint","urlTemplate":"https:\/\/razmena.co.rs\/hanan\/?s={search_term_string}"},"query-input":{"@type":"PropertyValueSpecification","valueRequired":true,"valueName":"search_term_string"}}],"inLanguage":"sr-RS"},{"@type":"Organization","@id":"https:\/\/razmena.co.rs\/hanan\/#organization","name":"Kovano gvo\u017e\u0111e Hanan, Name\u0161taj od kovanog gvo\u017e\u0111a, Gelenderi kovano gvo\u017e\u0111e","url":"https:\/\/razmena.co.rs\/hanan\/","logo":{"@type":"ImageObject","inLanguage":"sr-RS","@id":"https:\/\/razmena.co.rs\/hanan\/#\/schema\/logo\/image\/","url":"https:\/\/razmena.co.rs\/hanan\/wp-content\/uploads\/2025\/11\/Gemini_Generated_Image_skf42kskf42kskf4.png","contentUrl":"https:\/\/razmena.co.rs\/hanan\/wp-content\/uploads\/2025\/11\/Gemini_Generated_Image_skf42kskf42kskf4.png","width":1024,"height":1024,"caption":"Kovano gvo\u017e\u0111e Hanan, Name\u0161taj od kovanog gvo\u017e\u0111a, Gelenderi kovano gvo\u017e\u0111e"},"image":{"@id":"https:\/\/razmena.co.rs\/hanan\/#\/schema\/logo\/image\/"}}]}},"_links":{"self":[{"href":"https:\/\/razmena.co.rs\/hanan\/wp-json\/wp\/v2\/product\/1702","targetHints":{"allow":["GET"]}}],"collection":[{"href":"https:\/\/razmena.co.rs\/hanan\/wp-json\/wp\/v2\/product"}],"about":[{"href":"https:\/\/razmena.co.rs\/hanan\/wp-json\/wp\/v2\/types\/product"}],"wp:featuredmedia":[{"embeddable":true,"href":"https:\/\/razmena.co.rs\/hanan\/wp-json\/wp\/v2\/media\/1918"}],"wp:attachment":[{"href":"https:\/\/razmena.co.rs\/hanan\/wp-json\/wp\/v2\/media?parent=1702"}],"wp:term":[{"taxonomy":"product_brand","embeddable":true,"href":"https:\/\/razmena.co.rs\/hanan\/wp-json\/wp\/v2\/product_brand?post=1702"},{"taxonomy":"product_cat","embeddable":true,"href":"https:\/\/razmena.co.rs\/hanan\/wp-json\/wp\/v2\/product_cat?post=1702"},{"taxonomy":"product_tag","embeddable":true,"href":"https:\/\/razmena.co.rs\/hanan\/wp-json\/wp\/v2\/product_tag?post=1702"}],"curies":[{"name":"wp","href":"https:\/\/api.w.org\/{rel}","templated":true}]}}