{"id":2015,"date":"2025-11-24T00:01:53","date_gmt":"2025-11-23T23:01:53","guid":{"rendered":"https:\/\/razmena.co.rs\/hanan\/?post_type=product&#038;p=2015"},"modified":"2025-11-24T00:02:51","modified_gmt":"2025-11-23T23:02:51","slug":"kovano-gvozdje-19084","status":"publish","type":"product","link":"https:\/\/razmena.co.rs\/hanan\/proizvod\/kovano-gvozdje-19084\/","title":{"rendered":"Kovano gvo\u017e\u0111e 19084"},"content":{"rendered":"","protected":false},"excerpt":{"rendered":"<p>\u0160ifra: Kovano gvo\u017e\u0111e 19084<br \/>\nDu\u017eina: 14 cm<br \/>\nDimenzije: 5,5&#215;14 cm<br \/>\nTe\u017eina: 0,16 kg<br \/>\nMaterijal: 12&#215;6 mm<\/p>\n","protected":false},"featured_media":2016,"template":"","meta":[],"product_brand":[],"product_cat":[49],"product_tag":[],"class_list":{"0":"post-2015","1":"product","2":"type-product","3":"status-publish","4":"has-post-thumbnail","6":"product_cat-s-elementi","8":"first","9":"instock","10":"shipping-taxable","11":"purchasable","12":"product-type-simple"},"yoast_head":"<!-- This site is optimized with the Yoast SEO plugin v26.4 - https:\/\/yoast.com\/wordpress\/plugins\/seo\/ -->\n<title>Kovano gvo\u017e\u0111e 19084 - Kovano gvo\u017e\u0111e \u2013 HANAN<\/title>\n<meta name=\"robots\" content=\"noindex, follow, max-snippet:-1, max-image-preview:large, max-video-preview:-1\" \/>\n<meta property=\"og:locale\" content=\"sr_RS\" \/>\n<meta property=\"og:type\" content=\"article\" \/>\n<meta property=\"og:title\" content=\"Kovano gvo\u017e\u0111e 19084 - Kovano gvo\u017e\u0111e \u2013 HANAN\" \/>\n<meta property=\"og:description\" content=\"\u0160ifra: Kovano gvo\u017e\u0111e 19084 Du\u017eina: 14 cm Dimenzije: 5,5x14 cm Te\u017eina: 0,16 kg Materijal: 12x6 mm\" \/>\n<meta property=\"og:url\" content=\"https:\/\/razmena.co.rs\/hanan\/proizvod\/kovano-gvozdje-19084\/\" \/>\n<meta property=\"og:site_name\" content=\"Kovano gvo\u017e\u0111e \u2013 HANAN\" \/>\n<meta property=\"article:modified_time\" content=\"2025-11-23T23:02:51+00:00\" \/>\n<meta property=\"og:image\" content=\"https:\/\/razmena.co.rs\/hanan\/wp-content\/uploads\/2025\/11\/s-elementi1.jpg\" \/>\n\t<meta property=\"og:image:width\" content=\"747\" \/>\n\t<meta property=\"og:image:height\" content=\"758\" \/>\n\t<meta property=\"og:image:type\" content=\"image\/jpeg\" \/>\n<meta name=\"twitter:card\" content=\"summary_large_image\" \/>\n<meta name=\"twitter:label1\" content=\"Procenjeno vreme \u010ditanja\" \/>\n\t<meta name=\"twitter:data1\" content=\"1 minut\" \/>\n<script type=\"application\/ld+json\" class=\"yoast-schema-graph\">{\"@context\":\"https:\/\/schema.org\",\"@graph\":[{\"@type\":\"WebPage\",\"@id\":\"https:\/\/razmena.co.rs\/hanan\/proizvod\/kovano-gvozdje-19084\/\",\"url\":\"https:\/\/razmena.co.rs\/hanan\/proizvod\/kovano-gvozdje-19084\/\",\"name\":\"Kovano gvo\u017e\u0111e 19084 - Kovano gvo\u017e\u0111e \u2013 HANAN\",\"isPartOf\":{\"@id\":\"https:\/\/razmena.co.rs\/hanan\/#website\"},\"primaryImageOfPage\":{\"@id\":\"https:\/\/razmena.co.rs\/hanan\/proizvod\/kovano-gvozdje-19084\/#primaryimage\"},\"image\":{\"@id\":\"https:\/\/razmena.co.rs\/hanan\/proizvod\/kovano-gvozdje-19084\/#primaryimage\"},\"thumbnailUrl\":\"https:\/\/razmena.co.rs\/hanan\/wp-content\/uploads\/2025\/11\/s-elementi1.jpg\",\"datePublished\":\"2025-11-23T23:01:53+00:00\",\"dateModified\":\"2025-11-23T23:02:51+00:00\",\"breadcrumb\":{\"@id\":\"https:\/\/razmena.co.rs\/hanan\/proizvod\/kovano-gvozdje-19084\/#breadcrumb\"},\"inLanguage\":\"sr-RS\",\"potentialAction\":[{\"@type\":\"ReadAction\",\"target\":[\"https:\/\/razmena.co.rs\/hanan\/proizvod\/kovano-gvozdje-19084\/\"]}]},{\"@type\":\"ImageObject\",\"inLanguage\":\"sr-RS\",\"@id\":\"https:\/\/razmena.co.rs\/hanan\/proizvod\/kovano-gvozdje-19084\/#primaryimage\",\"url\":\"https:\/\/razmena.co.rs\/hanan\/wp-content\/uploads\/2025\/11\/s-elementi1.jpg\",\"contentUrl\":\"https:\/\/razmena.co.rs\/hanan\/wp-content\/uploads\/2025\/11\/s-elementi1.jpg\",\"width\":747,\"height\":758},{\"@type\":\"BreadcrumbList\",\"@id\":\"https:\/\/razmena.co.rs\/hanan\/proizvod\/kovano-gvozdje-19084\/#breadcrumb\",\"itemListElement\":[{\"@type\":\"ListItem\",\"position\":1,\"name\":\"Po\u010detna\",\"item\":\"https:\/\/razmena.co.rs\/hanan\/\"},{\"@type\":\"ListItem\",\"position\":2,\"name\":\"Shop\",\"item\":\"https:\/\/razmena.co.rs\/hanan\/shop\/\"},{\"@type\":\"ListItem\",\"position\":3,\"name\":\"Kovano gvo\u017e\u0111e 19084\"}]},{\"@type\":\"WebSite\",\"@id\":\"https:\/\/razmena.co.rs\/hanan\/#website\",\"url\":\"https:\/\/razmena.co.rs\/hanan\/\",\"name\":\"Kovano gvo\u017e\u0111e Hanan, Name\u0161taj od kovanog gvo\u017e\u0111a, Gelenderi kovano gvo\u017e\u0111e\",\"description\":\"Kovano gvo\u017e\u0111e Hanan, Name\u0161taj od kovanog gvo\u017e\u0111a, Gelenderi kovano gvo\u017e\u0111e\",\"publisher\":{\"@id\":\"https:\/\/razmena.co.rs\/hanan\/#organization\"},\"potentialAction\":[{\"@type\":\"SearchAction\",\"target\":{\"@type\":\"EntryPoint\",\"urlTemplate\":\"https:\/\/razmena.co.rs\/hanan\/?s={search_term_string}\"},\"query-input\":{\"@type\":\"PropertyValueSpecification\",\"valueRequired\":true,\"valueName\":\"search_term_string\"}}],\"inLanguage\":\"sr-RS\"},{\"@type\":\"Organization\",\"@id\":\"https:\/\/razmena.co.rs\/hanan\/#organization\",\"name\":\"Kovano gvo\u017e\u0111e Hanan, Name\u0161taj od kovanog gvo\u017e\u0111a, Gelenderi kovano gvo\u017e\u0111e\",\"url\":\"https:\/\/razmena.co.rs\/hanan\/\",\"logo\":{\"@type\":\"ImageObject\",\"inLanguage\":\"sr-RS\",\"@id\":\"https:\/\/razmena.co.rs\/hanan\/#\/schema\/logo\/image\/\",\"url\":\"https:\/\/razmena.co.rs\/hanan\/wp-content\/uploads\/2025\/11\/Gemini_Generated_Image_skf42kskf42kskf4.png\",\"contentUrl\":\"https:\/\/razmena.co.rs\/hanan\/wp-content\/uploads\/2025\/11\/Gemini_Generated_Image_skf42kskf42kskf4.png\",\"width\":1024,\"height\":1024,\"caption\":\"Kovano gvo\u017e\u0111e Hanan, Name\u0161taj od kovanog gvo\u017e\u0111a, Gelenderi kovano gvo\u017e\u0111e\"},\"image\":{\"@id\":\"https:\/\/razmena.co.rs\/hanan\/#\/schema\/logo\/image\/\"}}]}<\/script>\n<!-- \/ Yoast SEO plugin. -->","yoast_head_json":{"title":"Kovano gvo\u017e\u0111e 19084 - Kovano gvo\u017e\u0111e \u2013 HANAN","robots":{"index":"noindex","follow":"follow","max-snippet":"max-snippet:-1","max-image-preview":"max-image-preview:large","max-video-preview":"max-video-preview:-1"},"og_locale":"sr_RS","og_type":"article","og_title":"Kovano gvo\u017e\u0111e 19084 - Kovano gvo\u017e\u0111e \u2013 HANAN","og_description":"\u0160ifra: Kovano gvo\u017e\u0111e 19084 Du\u017eina: 14 cm Dimenzije: 5,5x14 cm Te\u017eina: 0,16 kg Materijal: 12x6 mm","og_url":"https:\/\/razmena.co.rs\/hanan\/proizvod\/kovano-gvozdje-19084\/","og_site_name":"Kovano gvo\u017e\u0111e \u2013 HANAN","article_modified_time":"2025-11-23T23:02:51+00:00","og_image":[{"width":747,"height":758,"url":"https:\/\/razmena.co.rs\/hanan\/wp-content\/uploads\/2025\/11\/s-elementi1.jpg","type":"image\/jpeg"}],"twitter_card":"summary_large_image","twitter_misc":{"Procenjeno vreme \u010ditanja":"1 minut"},"schema":{"@context":"https:\/\/schema.org","@graph":[{"@type":"WebPage","@id":"https:\/\/razmena.co.rs\/hanan\/proizvod\/kovano-gvozdje-19084\/","url":"https:\/\/razmena.co.rs\/hanan\/proizvod\/kovano-gvozdje-19084\/","name":"Kovano gvo\u017e\u0111e 19084 - Kovano gvo\u017e\u0111e \u2013 HANAN","isPartOf":{"@id":"https:\/\/razmena.co.rs\/hanan\/#website"},"primaryImageOfPage":{"@id":"https:\/\/razmena.co.rs\/hanan\/proizvod\/kovano-gvozdje-19084\/#primaryimage"},"image":{"@id":"https:\/\/razmena.co.rs\/hanan\/proizvod\/kovano-gvozdje-19084\/#primaryimage"},"thumbnailUrl":"https:\/\/razmena.co.rs\/hanan\/wp-content\/uploads\/2025\/11\/s-elementi1.jpg","datePublished":"2025-11-23T23:01:53+00:00","dateModified":"2025-11-23T23:02:51+00:00","breadcrumb":{"@id":"https:\/\/razmena.co.rs\/hanan\/proizvod\/kovano-gvozdje-19084\/#breadcrumb"},"inLanguage":"sr-RS","potentialAction":[{"@type":"ReadAction","target":["https:\/\/razmena.co.rs\/hanan\/proizvod\/kovano-gvozdje-19084\/"]}]},{"@type":"ImageObject","inLanguage":"sr-RS","@id":"https:\/\/razmena.co.rs\/hanan\/proizvod\/kovano-gvozdje-19084\/#primaryimage","url":"https:\/\/razmena.co.rs\/hanan\/wp-content\/uploads\/2025\/11\/s-elementi1.jpg","contentUrl":"https:\/\/razmena.co.rs\/hanan\/wp-content\/uploads\/2025\/11\/s-elementi1.jpg","width":747,"height":758},{"@type":"BreadcrumbList","@id":"https:\/\/razmena.co.rs\/hanan\/proizvod\/kovano-gvozdje-19084\/#breadcrumb","itemListElement":[{"@type":"ListItem","position":1,"name":"Po\u010detna","item":"https:\/\/razmena.co.rs\/hanan\/"},{"@type":"ListItem","position":2,"name":"Shop","item":"https:\/\/razmena.co.rs\/hanan\/shop\/"},{"@type":"ListItem","position":3,"name":"Kovano gvo\u017e\u0111e 19084"}]},{"@type":"WebSite","@id":"https:\/\/razmena.co.rs\/hanan\/#website","url":"https:\/\/razmena.co.rs\/hanan\/","name":"Kovano gvo\u017e\u0111e Hanan, Name\u0161taj od kovanog gvo\u017e\u0111a, Gelenderi kovano gvo\u017e\u0111e","description":"Kovano gvo\u017e\u0111e Hanan, Name\u0161taj od kovanog gvo\u017e\u0111a, Gelenderi kovano gvo\u017e\u0111e","publisher":{"@id":"https:\/\/razmena.co.rs\/hanan\/#organization"},"potentialAction":[{"@type":"SearchAction","target":{"@type":"EntryPoint","urlTemplate":"https:\/\/razmena.co.rs\/hanan\/?s={search_term_string}"},"query-input":{"@type":"PropertyValueSpecification","valueRequired":true,"valueName":"search_term_string"}}],"inLanguage":"sr-RS"},{"@type":"Organization","@id":"https:\/\/razmena.co.rs\/hanan\/#organization","name":"Kovano gvo\u017e\u0111e Hanan, Name\u0161taj od kovanog gvo\u017e\u0111a, Gelenderi kovano gvo\u017e\u0111e","url":"https:\/\/razmena.co.rs\/hanan\/","logo":{"@type":"ImageObject","inLanguage":"sr-RS","@id":"https:\/\/razmena.co.rs\/hanan\/#\/schema\/logo\/image\/","url":"https:\/\/razmena.co.rs\/hanan\/wp-content\/uploads\/2025\/11\/Gemini_Generated_Image_skf42kskf42kskf4.png","contentUrl":"https:\/\/razmena.co.rs\/hanan\/wp-content\/uploads\/2025\/11\/Gemini_Generated_Image_skf42kskf42kskf4.png","width":1024,"height":1024,"caption":"Kovano gvo\u017e\u0111e Hanan, Name\u0161taj od kovanog gvo\u017e\u0111a, Gelenderi kovano gvo\u017e\u0111e"},"image":{"@id":"https:\/\/razmena.co.rs\/hanan\/#\/schema\/logo\/image\/"}}]}},"_links":{"self":[{"href":"https:\/\/razmena.co.rs\/hanan\/wp-json\/wp\/v2\/product\/2015","targetHints":{"allow":["GET"]}}],"collection":[{"href":"https:\/\/razmena.co.rs\/hanan\/wp-json\/wp\/v2\/product"}],"about":[{"href":"https:\/\/razmena.co.rs\/hanan\/wp-json\/wp\/v2\/types\/product"}],"wp:featuredmedia":[{"embeddable":true,"href":"https:\/\/razmena.co.rs\/hanan\/wp-json\/wp\/v2\/media\/2016"}],"wp:attachment":[{"href":"https:\/\/razmena.co.rs\/hanan\/wp-json\/wp\/v2\/media?parent=2015"}],"wp:term":[{"taxonomy":"product_brand","embeddable":true,"href":"https:\/\/razmena.co.rs\/hanan\/wp-json\/wp\/v2\/product_brand?post=2015"},{"taxonomy":"product_cat","embeddable":true,"href":"https:\/\/razmena.co.rs\/hanan\/wp-json\/wp\/v2\/product_cat?post=2015"},{"taxonomy":"product_tag","embeddable":true,"href":"https:\/\/razmena.co.rs\/hanan\/wp-json\/wp\/v2\/product_tag?post=2015"}],"curies":[{"name":"wp","href":"https:\/\/api.w.org\/{rel}","templated":true}]}}