{"id":1542,"date":"2023-03-16T16:53:01","date_gmt":"2023-03-16T16:53:01","guid":{"rendered":"https:\/\/razmena.co.rs\/nenad\/?page_id=1542"},"modified":"2026-03-16T20:56:10","modified_gmt":"2026-03-16T20:56:10","slug":"o-nama","status":"publish","type":"page","link":"https:\/\/razmena.co.rs\/nenad\/o-nama\/","title":{"rendered":"O nama"},"content":{"rendered":"<p><div class=\"fusion-fullwidth fullwidth-box fusion-builder-row-1 fusion-flex-container has-pattern-background has-mask-background nonhundred-percent-fullwidth non-hundred-percent-height-scrolling\" style=\"--awb-border-radius-top-left:0px;--awb-border-radius-top-right:0px;--awb-border-radius-bottom-right:0px;--awb-border-radius-bottom-left:0px;--awb-margin-top:20px;--awb-flex-wrap:wrap;\" ><div class=\"fusion-builder-row fusion-row fusion-flex-align-items-flex-start fusion-flex-content-wrap\" style=\"max-width:1302px;margin-left: calc(-5% \/ 2 );margin-right: calc(-5% \/ 2 );\"><div class=\"fusion-layout-column fusion_builder_column fusion-builder-column-0 fusion_builder_column_1_2 1_2 fusion-flex-column fusion-flex-align-self-stretch\" style=\"--awb-bg-size:cover;--awb-width-large:50%;--awb-margin-top-large:0px;--awb-spacing-right-large:4.75%;--awb-margin-bottom-large:0px;--awb-spacing-left-large:4.75%;--awb-width-medium:50%;--awb-order-medium:0;--awb-spacing-right-medium:4.75%;--awb-spacing-left-medium:4.75%;--awb-width-small:100%;--awb-order-small:0;--awb-spacing-right-small:2.375%;--awb-spacing-left-small:2.375%;\"><div class=\"fusion-column-wrapper fusion-column-has-shadow fusion-flex-justify-content-flex-start fusion-content-layout-column\"><div class=\"fusion-image-element \" style=\"--awb-aspect-ratio: 100 \/ 77;--awb-mask-url: url(https:\/\/razmena.co.rs\/nenad\/wp-content\/plugins\/fusion-builder\/\/assets\/images\/masks\/mask-7.svg);--awb-mask-size: 550px;--awb-mask-position: top center;--awb-caption-title-font-family:var(--h2_typography-font-family);--awb-caption-title-font-weight:var(--h2_typography-font-weight);--awb-caption-title-font-style:var(--h2_typography-font-style);--awb-caption-title-size:var(--h2_typography-font-size);--awb-caption-title-transform:var(--h2_typography-text-transform);--awb-caption-title-line-height:var(--h2_typography-line-height);--awb-caption-title-letter-spacing:var(--h2_typography-letter-spacing);\"><span class=\" fusion-imageframe imageframe-none imageframe-1 hover-type-none has-mask has-aspect-ratio\"><img decoding=\"async\" width=\"1536\" height=\"1024\" title=\"razvoj omladine (2)\" src=\"https:\/\/razmena.co.rs\/nenad\/wp-content\/uploads\/2026\/03\/razvoj-omladine-2.png\" data-orig-src=\"https:\/\/razmena.co.rs\/nenad\/wp-content\/uploads\/2026\/03\/razvoj-omladine-2.png\" class=\"lazyload img-responsive wp-image-2075 img-with-aspect-ratio\" data-parent-fit=\"cover\" data-parent-container=\".fusion-image-element\" alt srcset=\"data:image\/svg+xml,%3Csvg%20xmlns%3D%27http%3A%2F%2Fwww.w3.org%2F2000%2Fsvg%27%20width%3D%271536%27%20height%3D%271024%27%20viewBox%3D%270%200%201536%201024%27%3E%3Crect%20width%3D%271536%27%20height%3D%271024%27%20fill-opacity%3D%220%22%2F%3E%3C%2Fsvg%3E\" data-srcset=\"https:\/\/razmena.co.rs\/nenad\/wp-content\/uploads\/2026\/03\/razvoj-omladine-2-200x133.png 200w, https:\/\/razmena.co.rs\/nenad\/wp-content\/uploads\/2026\/03\/razvoj-omladine-2-400x267.png 400w, https:\/\/razmena.co.rs\/nenad\/wp-content\/uploads\/2026\/03\/razvoj-omladine-2-600x400.png 600w, https:\/\/razmena.co.rs\/nenad\/wp-content\/uploads\/2026\/03\/razvoj-omladine-2-800x533.png 800w, https:\/\/razmena.co.rs\/nenad\/wp-content\/uploads\/2026\/03\/razvoj-omladine-2-1200x800.png 1200w, https:\/\/razmena.co.rs\/nenad\/wp-content\/uploads\/2026\/03\/razvoj-omladine-2.png 1536w\" data-sizes=\"auto\" data-orig-sizes=\"(max-width: 800px) 100vw, 600px\" \/><\/span><\/div><\/div><\/div><div class=\"fusion-layout-column fusion_builder_column fusion-builder-column-1 fusion_builder_column_1_2 1_2 fusion-flex-column\" style=\"--awb-bg-size:cover;--awb-width-large:50%;--awb-margin-top-large:0px;--awb-spacing-right-large:4.75%;--awb-margin-bottom-large:0px;--awb-spacing-left-large:4.75%;--awb-width-medium:50%;--awb-order-medium:0;--awb-spacing-right-medium:4.75%;--awb-spacing-left-medium:4.75%;--awb-width-small:100%;--awb-order-small:0;--awb-margin-top-small:35px;--awb-spacing-right-small:2.375%;--awb-spacing-left-small:2.375%;\"><div class=\"fusion-column-wrapper fusion-column-has-shadow fusion-flex-justify-content-flex-start fusion-content-layout-column\"><div class=\"fusion-title title fusion-title-1 fusion-sep-none fusion-title-text fusion-title-size-three\" style=\"--awb-margin-top-small:10px;--awb-margin-right-small:0px;--awb-margin-bottom-small:10px;--awb-margin-left-small:0px;\"><h3 class=\"fusion-title-heading title-heading-left\" style=\"margin:0;text-transform:capitalize;\">RazvojOmladine.rs &#8211; Rast. Znanje. Budu\u0107nost.<\/h3><\/div><div class=\"fusion-text fusion-text-1\"><p><strong>RazvojOmladine.rs<\/strong> je blog posve\u0107en razvoju mladih kroz znanje, obrazovanje, mentalno zdravlje i sport. Na\u0161 cilj je da mladima pru\u017eimo korisne informacije, savete i inspiraciju koji mogu pomo\u0107i u njihovom li\u010dnom i dru\u0161tvenom razvoju.<\/p>\n<p>Verujemo da je zdrav razvoj mladih mogu\u0107 samo kroz ravnote\u017eu izme\u0111u obrazovanja, mentalnog zdravlja i fizi\u010dke aktivnosti. Sport igra va\u017enu ulogu u razvoju discipline, samopouzdanja, timskog duha i zdravih \u017eivotnih navika.<\/p>\n<\/div><div ><a class=\"fusion-button button-flat fusion-button-default-size button-default fusion-button-default button-1 fusion-button-default-span fusion-button-default-type\" style=\"--button_margin-top:45px;\" target=\"_self\" href=\"https:\/\/razmena.co.rs\/nenad\/vesti\/\"><span class=\"fusion-button-text awb-button__text awb-button__text--default\">Pogledajte sve vesti<\/span><\/a><\/div><\/div><\/div><\/div><\/div><div class=\"fusion-fullwidth fullwidth-box fusion-builder-row-2 fusion-flex-container has-pattern-background has-mask-background nonhundred-percent-fullwidth non-hundred-percent-height-scrolling\" style=\"--awb-border-radius-top-left:0px;--awb-border-radius-top-right:0px;--awb-border-radius-bottom-right:0px;--awb-border-radius-bottom-left:0px;--awb-margin-top:60px;--awb-flex-wrap:wrap;\" ><div class=\"fusion-builder-row fusion-row fusion-flex-align-items-flex-start fusion-flex-content-wrap\" style=\"max-width:1302px;margin-left: calc(-5% \/ 2 );margin-right: calc(-5% \/ 2 );\"><div class=\"fusion-layout-column fusion_builder_column fusion-builder-column-2 fusion_builder_column_1_1 1_1 fusion-flex-column\" style=\"--awb-bg-size:cover;--awb-width-large:100%;--awb-margin-top-large:0px;--awb-spacing-right-large:2.375%;--awb-margin-bottom-large:0px;--awb-spacing-left-large:2.375%;--awb-width-medium:100%;--awb-order-medium:0;--awb-spacing-right-medium:2.375%;--awb-spacing-left-medium:2.375%;--awb-width-small:100%;--awb-order-small:0;--awb-spacing-right-small:2.375%;--awb-spacing-left-small:2.375%;\"><div class=\"fusion-column-wrapper fusion-column-has-shadow fusion-flex-justify-content-flex-start fusion-content-layout-column\"><div class=\"fusion-separator fusion-full-width-sep\" style=\"align-self: center;margin-left: auto;margin-right: auto;margin-top:25px;margin-bottom:60px;width:100%;\"><div class=\"fusion-separator-border sep-single sep-solid\" style=\"--awb-height:20px;--awb-amount:20px;--awb-sep-color:var(--awb-color2);border-color:var(--awb-color2);border-top-width:1px;\"><\/div><\/div><div class=\"fusion-title title fusion-title-2 fusion-no-small-visibility fusion-sep-none fusion-title-center fusion-title-text fusion-title-size-three\" style=\"--awb-margin-bottom:35px;--awb-margin-top-small:10px;--awb-margin-right-small:0px;--awb-margin-bottom-small:10px;--awb-margin-left-small:0px;\"><h3 class=\"fusion-title-heading title-heading-center\" style=\"margin:0;text-transform:capitalize;\">Na ovom sajtu mo\u017eete prona\u0107i tekstove o:<\/h3><\/div><div class=\"fusion-title title fusion-title-3 fusion-no-medium-visibility fusion-no-large-visibility fusion-sep-none fusion-title-center fusion-title-text fusion-title-size-three\" style=\"--awb-margin-bottom:35px;--awb-margin-top-small:10px;--awb-margin-right-small:0px;--awb-margin-bottom-small:35px;--awb-margin-left-small:0px;\"><h3 class=\"fusion-title-heading title-heading-center sm-text-align-left\" style=\"margin:0;\">Na ovom sajtu mo\u017eete prona\u0107i tekstove o:<\/h3><\/div><div class=\"fusion-builder-row fusion-builder-row-inner fusion-row fusion-flex-align-items-flex-start fusion-flex-content-wrap\" style=\"--awb-flex-grow:0;--awb-flex-grow-medium:0;--awb-flex-grow-small:0;--awb-flex-shrink:0;--awb-flex-shrink-medium:0;--awb-flex-shrink-small:0;width:105% !important;max-width:105% !important;margin-left: calc(-5% \/ 2 );margin-right: calc(-5% \/ 2 );\"><div class=\"fusion-layout-column fusion_builder_column_inner fusion-builder-nested-column-0 fusion_builder_column_inner_1_2 1_2 fusion-flex-column\" style=\"--awb-padding-bottom:20px;--awb-bg-size:cover;--awb-width-large:50%;--awb-margin-top-large:0px;--awb-spacing-right-large:4.75%;--awb-margin-bottom-large:0px;--awb-spacing-left-large:4.75%;--awb-width-medium:50%;--awb-order-medium:0;--awb-spacing-right-medium:4.75%;--awb-spacing-left-medium:4.75%;--awb-width-small:100%;--awb-order-small:0;--awb-spacing-right-small:2.375%;--awb-spacing-left-small:2.375%;\"><div class=\"fusion-column-wrapper fusion-column-has-shadow fusion-flex-justify-content-flex-start fusion-content-layout-column\"><div class=\"fusion-text fusion-text-2\"><ul>\n<li>li\u010dnom razvoju i motivaciji<\/li>\n<li>obrazovanju i u\u010denju<\/li>\n<li>mentalnom zdravlju mladih<\/li>\n<li>va\u017enosti sporta i fizi\u010dke aktivnosti<\/li>\n<li>izazovima sa kojima se mladi susre\u0107u u \u0161koli i dru\u0161tvu<\/li>\n<\/ul>\n<\/div><\/div><\/div><div class=\"fusion-layout-column fusion_builder_column_inner fusion-builder-nested-column-1 fusion_builder_column_inner_1_2 1_2 fusion-flex-column\" style=\"--awb-padding-bottom:20px;--awb-bg-size:cover;--awb-width-large:50%;--awb-margin-top-large:0px;--awb-spacing-right-large:4.75%;--awb-margin-bottom-large:0px;--awb-spacing-left-large:4.75%;--awb-width-medium:50%;--awb-order-medium:0;--awb-spacing-right-medium:4.75%;--awb-spacing-left-medium:4.75%;--awb-width-small:100%;--awb-order-small:0;--awb-spacing-right-small:2.375%;--awb-spacing-left-small:2.375%;\"><div class=\"fusion-column-wrapper fusion-column-has-shadow fusion-flex-justify-content-flex-start fusion-content-layout-column\"><div class=\"fusion-text fusion-text-3\"><p>Sadr\u017eaj na sajtu namenjen je mladima, ali i roditeljima, nastavnicima i svima koji \u017eele da doprinesu zdravom razvoju novih generacija. Na\u0161a ideja je da RazvojOmladine.rs bude mesto gde mladi mogu prona\u0107i podr\u0161ku, informacije i inspiraciju za zdrav, aktivan i uspe\u0161an \u017eivot.<\/p>\n<\/div><\/div><\/div><\/div><\/div><\/div><\/div><\/div><div class=\"fusion-fullwidth fullwidth-box fusion-builder-row-3 fusion-flex-container has-pattern-background has-mask-background nonhundred-percent-fullwidth non-hundred-percent-height-scrolling\" style=\"--awb-border-radius-top-left:0px;--awb-border-radius-top-right:0px;--awb-border-radius-bottom-right:0px;--awb-border-radius-bottom-left:0px;--awb-margin-top:60px;--awb-flex-wrap:wrap;\" ><div class=\"fusion-builder-row fusion-row fusion-flex-align-items-flex-start fusion-flex-content-wrap\" style=\"max-width:1264.8px;margin-left: calc(-2% \/ 2 );margin-right: calc(-2% \/ 2 );\"><div class=\"fusion-layout-column fusion_builder_column fusion-builder-column-3 fusion_builder_column_1_2 1_2 fusion-flex-column\" style=\"--awb-bg-size:cover;--awb-width-large:50%;--awb-margin-top-large:0px;--awb-spacing-right-large:1.96%;--awb-margin-bottom-large:0px;--awb-spacing-left-large:1.96%;--awb-width-medium:50%;--awb-order-medium:0;--awb-spacing-right-medium:1.96%;--awb-spacing-left-medium:1.96%;--awb-width-small:100%;--awb-order-small:0;--awb-spacing-right-small:0.98%;--awb-margin-bottom-small:35px;--awb-spacing-left-small:0.98%;\"><div class=\"fusion-column-wrapper fusion-column-has-shadow fusion-flex-justify-content-flex-start fusion-content-layout-column\"><div class=\"fusion-image-element \" style=\"--awb-caption-title-color:hsla(var(--awb-color1-h),var(--awb-color1-s),var(--awb-color1-l),calc(var(--awb-color1-a) - 100%));--awb-caption-overlay-color:var(--awb-color8);--awb-caption-title-font-family:var(--h2_typography-font-family);--awb-caption-title-font-weight:var(--h2_typography-font-weight);--awb-caption-title-font-style:var(--h2_typography-font-style);--awb-caption-title-size:var(--h2_typography-font-size);--awb-caption-title-transform:var(--h2_typography-text-transform);--awb-caption-title-line-height:var(--h2_typography-line-height);--awb-caption-title-letter-spacing:var(--h2_typography-letter-spacing);\"><span class=\" fusion-imageframe imageframe-none imageframe-2 hover-type-zoomin\"><img decoding=\"async\" width=\"1920\" height=\"1150\" title=\"o nama\" src=\"https:\/\/razmena.co.rs\/nenad\/wp-content\/uploads\/2026\/03\/o-nama.jpg\" data-orig-src=\"https:\/\/razmena.co.rs\/nenad\/wp-content\/uploads\/2026\/03\/o-nama.jpg\" alt class=\"lazyload img-responsive wp-image-2065\" srcset=\"data:image\/svg+xml,%3Csvg%20xmlns%3D%27http%3A%2F%2Fwww.w3.org%2F2000%2Fsvg%27%20width%3D%271920%27%20height%3D%271150%27%20viewBox%3D%270%200%201920%201150%27%3E%3Crect%20width%3D%271920%27%20height%3D%271150%27%20fill-opacity%3D%220%22%2F%3E%3C%2Fsvg%3E\" data-srcset=\"https:\/\/razmena.co.rs\/nenad\/wp-content\/uploads\/2026\/03\/o-nama-200x120.jpg 200w, https:\/\/razmena.co.rs\/nenad\/wp-content\/uploads\/2026\/03\/o-nama-400x240.jpg 400w, https:\/\/razmena.co.rs\/nenad\/wp-content\/uploads\/2026\/03\/o-nama-600x359.jpg 600w, https:\/\/razmena.co.rs\/nenad\/wp-content\/uploads\/2026\/03\/o-nama-800x479.jpg 800w, https:\/\/razmena.co.rs\/nenad\/wp-content\/uploads\/2026\/03\/o-nama-1200x719.jpg 1200w, https:\/\/razmena.co.rs\/nenad\/wp-content\/uploads\/2026\/03\/o-nama.jpg 1920w\" data-sizes=\"auto\" data-orig-sizes=\"(max-width: 800px) 100vw, 800px\" \/><\/span><\/div><\/div><\/div><div class=\"fusion-layout-column fusion_builder_column fusion-builder-column-4 fusion_builder_column_1_2 1_2 fusion-flex-column\" style=\"--awb-bg-size:cover;--awb-width-large:50%;--awb-margin-top-large:0px;--awb-spacing-right-large:1.96%;--awb-margin-bottom-large:0px;--awb-spacing-left-large:1.96%;--awb-width-medium:50%;--awb-order-medium:0;--awb-spacing-right-medium:1.96%;--awb-spacing-left-medium:1.96%;--awb-width-small:100%;--awb-order-small:0;--awb-spacing-right-small:0.98%;--awb-spacing-left-small:0.98%;\"><div class=\"fusion-column-wrapper fusion-column-has-shadow fusion-flex-justify-content-flex-start fusion-content-layout-column\"><div class=\"fusion-image-element \" style=\"--awb-caption-title-color:hsla(var(--awb-color1-h),var(--awb-color1-s),var(--awb-color1-l),calc(var(--awb-color1-a) - 100%));--awb-caption-overlay-color:var(--awb-color8);--awb-caption-title-font-family:var(--h2_typography-font-family);--awb-caption-title-font-weight:var(--h2_typography-font-weight);--awb-caption-title-font-style:var(--h2_typography-font-style);--awb-caption-title-size:var(--h2_typography-font-size);--awb-caption-title-transform:var(--h2_typography-text-transform);--awb-caption-title-line-height:var(--h2_typography-line-height);--awb-caption-title-letter-spacing:var(--h2_typography-letter-spacing);\"><span class=\" fusion-imageframe imageframe-none imageframe-3 hover-type-zoomin\"><img decoding=\"async\" width=\"1920\" height=\"1150\" title=\"o nama2\" src=\"https:\/\/razmena.co.rs\/nenad\/wp-content\/uploads\/2026\/03\/o-nama2.jpg\" data-orig-src=\"https:\/\/razmena.co.rs\/nenad\/wp-content\/uploads\/2026\/03\/o-nama2.jpg\" alt class=\"lazyload img-responsive wp-image-2069\" srcset=\"data:image\/svg+xml,%3Csvg%20xmlns%3D%27http%3A%2F%2Fwww.w3.org%2F2000%2Fsvg%27%20width%3D%271920%27%20height%3D%271150%27%20viewBox%3D%270%200%201920%201150%27%3E%3Crect%20width%3D%271920%27%20height%3D%271150%27%20fill-opacity%3D%220%22%2F%3E%3C%2Fsvg%3E\" data-srcset=\"https:\/\/razmena.co.rs\/nenad\/wp-content\/uploads\/2026\/03\/o-nama2-200x120.jpg 200w, https:\/\/razmena.co.rs\/nenad\/wp-content\/uploads\/2026\/03\/o-nama2-400x240.jpg 400w, https:\/\/razmena.co.rs\/nenad\/wp-content\/uploads\/2026\/03\/o-nama2-600x359.jpg 600w, https:\/\/razmena.co.rs\/nenad\/wp-content\/uploads\/2026\/03\/o-nama2-800x479.jpg 800w, https:\/\/razmena.co.rs\/nenad\/wp-content\/uploads\/2026\/03\/o-nama2-1200x719.jpg 1200w, https:\/\/razmena.co.rs\/nenad\/wp-content\/uploads\/2026\/03\/o-nama2.jpg 1920w\" data-sizes=\"auto\" data-orig-sizes=\"(max-width: 800px) 100vw, 800px\" \/><\/span><\/div><\/div><\/div><\/div><\/div><\/p>\n","protected":false},"excerpt":{"rendered":"","protected":false},"author":1,"featured_media":0,"parent":0,"menu_order":0,"comment_status":"closed","ping_status":"closed","template":"100-width.php","meta":{"footnotes":""},"class_list":["post-1542","page","type-page","status-publish","hentry"],"_links":{"self":[{"href":"https:\/\/razmena.co.rs\/nenad\/wp-json\/wp\/v2\/pages\/1542","targetHints":{"allow":["GET"]}}],"collection":[{"href":"https:\/\/razmena.co.rs\/nenad\/wp-json\/wp\/v2\/pages"}],"about":[{"href":"https:\/\/razmena.co.rs\/nenad\/wp-json\/wp\/v2\/types\/page"}],"author":[{"embeddable":true,"href":"https:\/\/razmena.co.rs\/nenad\/wp-json\/wp\/v2\/users\/1"}],"replies":[{"embeddable":true,"href":"https:\/\/razmena.co.rs\/nenad\/wp-json\/wp\/v2\/comments?post=1542"}],"version-history":[{"count":6,"href":"https:\/\/razmena.co.rs\/nenad\/wp-json\/wp\/v2\/pages\/1542\/revisions"}],"predecessor-version":[{"id":2076,"href":"https:\/\/razmena.co.rs\/nenad\/wp-json\/wp\/v2\/pages\/1542\/revisions\/2076"}],"wp:attachment":[{"href":"https:\/\/razmena.co.rs\/nenad\/wp-json\/wp\/v2\/media?parent=1542"}],"curies":[{"name":"wp","href":"https:\/\/api.w.org\/{rel}","templated":true}]}}